{"id":13,"date":"2022-02-18T04:29:14","date_gmt":"2022-02-18T04:29:14","guid":{"rendered":"http:\/\/soex\/?page_id=13"},"modified":"2022-06-17T10:28:16","modified_gmt":"2022-06-17T10:28:16","slug":"about","status":"publish","type":"page","link":"https:\/\/soexdemo.aiolos.solutions\/es\/about\/","title":{"rendered":"Sobre nosotras"},"content":{"rendered":"\n<section class=\"customSection p-0 m-0\" id=\"gAboutHead\">\n\t<img class=\"img-fluid aboutBgAbsl\" width=\"100%\" src=\"https:\/\/soexdemo.aiolos.solutions\/wp-content\/uploads\/2022\/03\/factory-1.webp\">\t\n\t<div class=\"themeWraps\" id=\"gtAboutHeader\">\n\t\t<div class=\"container\">\n\t\t\t<div class=\"row align-items-center\">\n\t\t\t\t<div class=\"col-sm-6 col-6 \">\n\t\t\t\t\t<h4 class=\"aboutHeading2\">Exportaciones Sopariwala<\/h4>\n\t\t\t\t\t<h4 class=\"aboutHeading\">L\u00edderes mundiales de exportaciones de tabaco<\/h4>\n\t\t\t\t\t<h4 class=\"aboutHeading2 mt-5\"><i>&#8216;Artesan\u00eda por excelencia&#8217; desde 1927<\/i><\/h4>\n\t\t\t\t<\/div>\n\t\t\t\t<div class=\"col-sm-6 col-6 mt-3 text-center\">\n\t\t\t\t\t<img loading=\"lazy\" class=\"img-fluid mt-sm-5\" width=\"453px\" height=\"432px\" src=\"https:\/\/soexdemo.aiolos.solutions\/wp-content\/uploads\/2022\/04\/Vikram-Bawa_20180316_1278_Sopariwala-2.webp\">\n\t\t\t\t<\/div>\n\t\t\t<\/div>\n\t\t<\/div>\n\t<\/div>\n<\/section>\n\n<section class=\"aboutSection mb-0\" id=\"gAboutCount\">\n\t<div class=\"container aboutNumBg\">\n\t\t<div class=\"row mt-5\">\n\t\t\t<div class=\"col-sm-3 col-6 mb-5\">\n\t\t\t\t<h1 class=\"aboutHeading text-center\">95+<\/h1>\n\t\t\t\t<h4 class=\"aboutHeading2 font-weight-normal text-center\"><b>A\u00f1os<\/b><\/h4>\n\t\t\t<\/div>\n\t\t\t<div class=\"col-sm-3 col-6 mb-5\">\n\t\t\t\t<h1 class=\"aboutHeading text-center\">1000+<\/h1>\n\t\t\t\t<h4 class=\"aboutHeading2 font-weight-normal text-center\"><b>Clientas<\/b><\/h4>\n\t\t\t<\/div>\n\t\t\t<div class=\"col-sm-3 col-6 mb-5\">\n\t\t\t\t<h1 class=\"aboutHeading text-center\">75+<\/h1>\n\t\t\t\t<h4 class=\"aboutHeading2 font-weight-normal text-center\"><b>Pa\u00edses<\/b><\/h4>\n\t\t\t<\/div>\n\t\t\t<div class=\"col-sm-3 col-6 mb-5\">\n\t\t\t\t<h1 class=\"aboutHeading text-center\">500+<\/h1>\n\t\t\t\t<h4 class=\"aboutHeading2 font-weight-normal text-center\"><b>Empleadas<\/b><\/h4>\n\t\t\t<\/div>\n\t\t<\/div>\n\t<\/div>\n<\/section>\n\n<section class=\"aboutSection aboutLeftBg1 mt-lg-5 pt-lg-5 pt-0 pb-0\" id=\"gAboutLegacy\">\n\t<div class=\"container\">\n\t\t\n\t\t<div class=\"row\">\n\t\t\t<div class=\"offset-lg-7 col-lg-5\">\t\t\t\t    \n\t\t\t\t<div class=\"backRight backRightAniLeft\">&nbsp;<\/div>\n\t\t\t\t<div class=\"revealL text-left\" style=\"width:100%;position:relative;\">\n\t\t\t\t\t<h1 class=\"headingMain\">NUESTRA<\/h1>\n\t\t\t\t\t<h2 class=\"headingSub\">LEGADO <\/h2>\n\t\t\t\t\t<img class=\"img-fluid mobileViewOnly mb-5\" src=\"https:\/\/soexdemo.aiolos.solutions\/wp-content\/uploads\/2022\/06\/our-legacy-mobile.webp\">\n\t\t\t\t\t<p class=\"homePara mb-2 text-left\">\n\t\t\t\t\t\t<b style=\"font-size: 19px; color: #B5A268;\">El notable viaje de esta empresa global comenz\u00f3 en el Jacob Circle del sur de Mumbai en la India anterior a la independencia alrededor de 1927.<\/b>\n\n\t\t\t\t\t<\/p>\n\t\t\t\t\t<!-- <p class=\"aboutPara text-left pr-sm-5 mb-3\">\n\t\t\t\t\t\t<strong>\n\t\t\t\t\t\t\tThe remarkable journey of this global enterprise began in South Mumbai\u2019s Jacob Circle in pre-independence India circa 1927. \n\t\t\t\t\t\t<\/strong>\n\t\t\t\t\t<\/p> -->\n\t\t\t\t\t<p class=\"homePara text-left pr-sm-5\">\n\t\t\t\t\t\tUn compromiso inquebrantable con la calidad y una dedicaci\u00f3n constante a la artesan\u00eda de clase mundial impulsaron el ascenso del grupo Fazlani a los escalones de liderazgo m\u00e1s altos de los fabricantes de tabaco en todo el mundo.\n                        <br>\n                        Somos una empresa corporativa socialmente responsable y tomamos parte activa en los esfuerzos de construcci\u00f3n de la sociedad y de la naci\u00f3n.\n\n\t\t\t\t\t<\/p>\n\t\t\t\t<\/div>\n\t\t\t<\/div>\n\t\t<\/div>\n\t<\/div>\n<\/section>\n\n<section class=\"aboutSection aboutRightBg1 pt-0 mb-0 pt-lg-5\" id=\"gAboutPromise\">\n\t<div class=\"container\">\n\t\t<div class=\"row\">\n\t\t\t<div class=\"col-lg-5 col-12\">\n\t\t\t\t<div class=\"backRight backRightAniRight\">&nbsp;<\/div>\n\t\t\t\t<div class=\"revealR\">\n\t\t\t\t\t<h1 class=\"headingMain\">NUESTRA <\/h1>\n\t\t\t\t\t<h2 class=\"headingSub\">PROMESA <\/h2>\n\t\t\t\t\t<img class=\"img-fluid mobileViewOnly mb-5\" src=\"https:\/\/soexdemo.aiolos.solutions\/wp-content\/uploads\/2022\/06\/our-promic-mobile.webp\">\n\t\t\t\t\n\t\t\t\t\t<ul class=\"aboutListData\">\n\t\t\t\t\t\t<li style=\"font-size:18px;line-height:30px\">&#8220;Cuando el <span><b style=\"font-size: 19px\">La visi\u00f3n es clara<\/b><\/span> y el <span><b style=\"font-size: 19px\">La direcci\u00f3n est\u00e1 en foco,<\/b><\/span>\n                            La perseverancia dar\u00e1 su fruto m\u00e1s dulce &#8211; <span><b style=\"font-size: 19px\">\u00c9XITO !<\/b><\/span>&#8220;<br>\n                            <i style=\"font-size:16px;margin-top:10px;\"> <b>&#8211; Dr. Abdul Kader Fazlani, presidente del grupo<\/b><\/i>\n                        <\/li>\n\t\t\t\t\t\t<li>Nuestra promesa est\u00e1 impregnada de la \u00e9tica de buscar la excelencia. Estamos comprometidos a ofrecer una innovaci\u00f3n constante de productos que brinde una experiencia de cliente superlativa.<\/li>\n\t\t\t\t\t\t<li>Nuestro principal esfuerzo en Investigaci\u00f3n y Desarrollo ser\u00e1 crear experiencias de productos \u00fanicas y diferenciadas para nuestra base de clientes global.<\/li>\n\t\t\t\t\t\t<li>Estamos comprometidos a ejecutar al m\u00e1s alto nivel de gobierno corporativo, responsabilidad social y sostenibilidad ambiental. Somos un empleador de igualdad de oportunidades y seguimos dedicados a los esfuerzos de construcci\u00f3n nacional.<\/li>\n\t\t\t\t\t\t\n\t\t\t\t\t<\/ul>\n\t\t\t\t<\/div>\n\t\t\t<\/div>\n\t\t<\/div>\n\t<\/div>\t\t\t\n<\/section>\n\n<section class=\"aboutSection aboutDirt\" id=\"gAboutDirectors\">\n\t<div class=\"container revealR\">\n\t\t<div class=\"row align-items-center\">\n\t\t\t<div class=\"col-lg-6 col-12 text-center\">\n\t\t\t\t<img class=\"img-fluid\" src=\"https:\/\/soexdemo.aiolos.solutions\/wp-content\/uploads\/2022\/04\/Board-of-Directors-copy-1.webp\">\n\t\t\t<\/div>\n\t\t\t<div class=\"col-lg-6 col-12 mt-5 mt-lg-0\">\n\t\t\t\t<h1 class=\"headingMain\">TABLA DE<\/h1>\n\t\t\t\t<h2 class=\"headingSub\">DIRECTORAS <\/h2>\t\t\t\t\n\t\t\t\t<p class=\"homePara mb-2 text-center text-lg-left\">\n\t\t\t\t\t<\/p><p class=\"aboutPara mb-3\">\n\t\t\t\t\t\t<strong>\n\t\t\t\t\t\t\t<i>El \u00c9xito Global de Sopariwala Exports es un brillante testimonio de la extraordinaria perspicacia comercial de nuestra distinguida Junta Directiva.<\/i> \n\t\t\t\t\t\t<\/strong>\n\t\t\t\t\t<\/p>\n\t\t\t\t<p><\/p>\n\t\t\t\t<p class=\"homePara\">Bajo el liderazgo del Dr. Abdul Kader Fazlani, nuestro presidente de grupo, Sopariwala Exports se ha elevado a la distinci\u00f3n de ser una de las empresas tabacaleras m\u00e1s respetadas del mundo.<\/p>\n\t\t\t\t<p class=\"homePara\">El equipo de liderazgo de Sopariwala Exports tiene un compromiso implacable con la innovaci\u00f3n en el campo de la producci\u00f3n, el procesamiento y los productos terminados del tabaco. \u00a1El enfoque centrado en el cliente fluye de arriba hacia abajo desde las salas de juntas hasta las granjas y es esta cultura corporativa la que ha llevado al liderazgo global en calidad de productos y servicio al cliente!<\/p>\n\t\t\t\t\n\t\t\t<\/div>\n\t\t<\/div>\n\t<\/div>\n<\/section>\n\n<section class=\"aboutSection aboutRightBg2 mb-0 pt-0\" id=\"gAboutApproach\">\n\t<div class=\"container\">\n\t\t<div class=\"row\">\n\t\t\t<div class=\"col-lg-5 col-12\">\t\t\t\t\n\t\t\t\t<div class=\"revealR\">\n\t\t\t\t\t\t\t\t\t\t\t\t\t\t  \n\t\t\t\t\t<h1 class=\"headingMain\">NUESTRA<\/h1>\n\t\t\t\t\t<h2 class=\"headingSub\">ACERCARSE <\/h2>\n\t\t\t\t\t<img class=\"img-fluid mobileViewOnly mb-5\" src=\"https:\/\/soexdemo.aiolos.solutions\/wp-content\/uploads\/2022\/06\/the-approch-mobile.webp\">\n\t\t\t\t\t\t\t\t\t\n\t\t\t\t\t<p class=\"homePara mb-2 text-left\">\n\t\t\t\t\t\tSomos una organizaci\u00f3n enfocada en la calidad, obsesionada con el cliente y centrada en el empleado. Nos enorgullecemos de ser una empresa corporativa socialmente responsable.\n\t\t\t\t\t<\/p>\t\n\t\t\t\t\t<p class=\"homePara mb-2  text-left\">\n\t\t\t\t\t\t<b style=\"color: #B4A269;  font-size: 19px;\"><i>\u201cLa artesan\u00eda de lo antiguo y la tecnolog\u00eda de lo nuevo: lo mejor de ambos mundos\u201d<\/i><\/b>\n\n\t\t\t\t\t<\/p>\n\t\t\t\t\t<p class=\"homePara text-left\">\n\t\t\t\t\t\tEn Sopariwala Exports, hemos conservado el antiguo arte del &#8220;m\u00e9todo de selecci\u00f3n manual&#8221; junto con la introducci\u00f3n de innovaciones como la primera &#8220;Planta de secado completo&#8221; de la industria. Todos los procesos, como la clasificaci\u00f3n, el curado, la limpieza y el envasado, se ejecutan bajo un mismo techo. Los procesos de calidad en el cultivo, la adquisici\u00f3n y el procesamiento garantizan que proporcionemos constantemente productos de alta calidad a nuestros clientes.\n\t\t\t\t\t<\/p>\n\t\t\t\t<\/div>\n\t\t\t<\/div>\n\t\t<\/div>\t\t\t\t\n\t<\/div>\n<\/section>\n\n<section class=\"aboutSection aboutDirt mt-5 mb-5 pt-3 pb-5\" id=\"gAboutAwards\">\n\t<div class=\"container\">\n\t\t<div class=\"row flex-column-reverse flex-sm-row align-items-center\">\n\t\t\t<div class=\"col-lg-5 pr-lg-5 col-12 text-center\">\n\t\t\t\t<div class='white' style='background:rgba(0,0,0,0); border:solid 0px rgba(0,0,0,0); border-radius:0px; padding:0px 0px 0px 0px;'>\n<div id='slider_4232' class='owl-carousel sa_owl_theme autohide-arrows' data-slider-id='slider_4232' style=''>\n<div id='slider_4232_slide01' class='sa_hover_container' style='padding:0% 0%; margin:0px 0%; '><p><img class=\"img-fluid mt-5\" src=\"https:\/\/soexdemo.aiolos.solutions\/wp-content\/uploads\/2022\/04\/award-1-1.webp\" alt=\"#\" \/><\/p>\r\n<div class=\"awardTitle pl-sm-5 pr-sm-5\">Premio al 2do Mejor Exportador de Desmanufacturadores Categor\u00eda Fabricantes de Tabaco 2003<\/div><\/div>\n<div id='slider_4232_slide02' class='sa_hover_container' style='padding:0% 0%; margin:0px 0%; '><img class=\"img-fluid mt-5\" src=\"https:\/\/soexdemo.aiolos.solutions\/wp-content\/uploads\/2022\/04\/award-2.webp\" alt=\"#\" \/>\r\n<div class=\"awardTitle pl-sm-5 pr-sm-5\">\r\n\tPremio del Gobierno de Maharashtra 90 91  \r\n<\/div><\/div>\n<div id='slider_4232_slide03' class='sa_hover_container' style='padding:0% 0%; margin:0px 0%; '><img class=\"img-fluid mt-5\" src=\"https:\/\/soexdemo.aiolos.solutions\/wp-content\/uploads\/2022\/04\/award-3.webp\" alt=\"#\" \/>\r\n<div class=\"awardTitle pl-sm-5 pr-sm-5\">\r\n\tPremio de la Junta de Tabaco de India 2\u00ba Mejor Exportador de Productos de Tabaco 2003  \r\n<\/div><\/div>\n<div id='slider_4232_slide04' class='sa_hover_container' style='padding:0% 0%; margin:0px 0%; '><img class=\"img-fluid mt-5\" src=\"https:\/\/soexdemo.aiolos.solutions\/wp-content\/uploads\/2022\/04\/award-4.webp\" alt=\"#\" \/>\r\n<div class=\"awardTitle pl-sm-5 pr-sm-5\">\r\n\tPremio Nacional de Exportaci\u00f3n por Desempe\u00f1o Sobresaliente 1989-1990\r\n<\/div><\/div>\n<div id='slider_4232_slide05' class='sa_hover_container' style='padding:0% 0%; margin:0px 0%; '><img class=\"img-fluid mt-5\" src=\"https:\/\/soexdemo.aiolos.solutions\/wp-content\/uploads\/2022\/04\/award-5.webp\" alt=\"#\" \/>\r\n<div class=\"awardTitle pl-sm-5 pr-sm-5\">\r\n\tPremio Nacional por Desempe\u00f1o Destacado en Exportaciones 1982-1983\r\n<\/div><\/div>\n<div id='slider_4232_slide06' class='sa_hover_container' style='padding:0% 0%; margin:0px 0%; '><img class=\"img-fluid mt-5\" src=\"https:\/\/soexdemo.aiolos.solutions\/wp-content\/uploads\/2022\/04\/award-6.webp\" alt=\"#\" \/>\r\n<div class=\"awardTitle pl-sm-5 pr-sm-5\">\r\n\tPremio Gujarat State Export Award 86-87 a 90 91\r\n<\/div><\/div>\n<div id='slider_4232_slide07' class='sa_hover_container' style='padding:0% 0%; margin:0px 0%; '><img class=\"img-fluid mt-5\" src=\"https:\/\/soexdemo.aiolos.solutions\/wp-content\/uploads\/2022\/04\/award-7.webp\" alt=\"#\" \/>\r\n<div class=\"awardTitle pl-sm-5 pr-sm-5\">\r\n\tPremio Exportaci\u00f3n del Estado de Gujarat 93 94\r\n<\/div><\/div>\n<\/div>\n<\/div>\n<script type='text\/javascript'>\n\tdocument.addEventListener('DOMContentLoaded', function() {\n\t\tjQuery('#slider_4232').owlCarousel({\n\t\t\titems : 1,\n\t\t\tsmartSpeed : 200,\n\t\t\tautoplay : true,\n\t\t\tautoplayTimeout : 2000,\n\t\t\tautoplayHoverPause : true,\n\t\t\tsmartSpeed : 200,\n\t\t\tfluidSpeed : 200,\n\t\t\tautoplaySpeed : 200,\n\t\t\tnavSpeed : 200,\n\t\t\tdotsSpeed : 200,\n\t\t\tloop : true,\n\t\t\tnav : true,\n\t\t\tnavText : ['Previous','Next'],\n\t\t\tdots : false,\n\t\t\tresponsiveRefreshRate : 200,\n\t\t\tslideBy : 1,\n\t\t\tmergeFit : true,\n\t\t\tautoHeight : false,\n\t\t\tmouseDrag : true,\n\t\t\ttouchDrag : true\n\t\t});\n\t\tsa_resize_slider_4232();\n\t\twindow.addEventListener('resize', sa_resize_slider_4232);\n\t\tfunction sa_resize_slider_4232() {\n\t\t\tvar min_height = '60';\n\t\t\tvar win_width = jQuery(window).width();\n\t\t\tvar slider_width = jQuery('#slider_4232').width();\n\t\t\tif (win_width < 480) {\n\t\t\t\tvar slide_width = slider_width \/ 1;\n\t\t\t} else if (win_width < 768) {\n\t\t\t\tvar slide_width = slider_width \/ 1;\n\t\t\t} else if (win_width < 980) {\n\t\t\t\tvar slide_width = slider_width \/ 1;\n\t\t\t} else if (win_width < 1200) {\n\t\t\t\tvar slide_width = slider_width \/ 1;\n\t\t\t} else if (win_width < 1500) {\n\t\t\t\tvar slide_width = slider_width \/ 1;\n\t\t\t} else {\n\t\t\t\tvar slide_width = slider_width \/ 1;\n\t\t\t}\n\t\t\tslide_width = Math.round(slide_width);\n\t\t\tvar slide_height = '0';\n\t\t\tif (min_height == 'aspect43') {\n\t\t\t\tslide_height = (slide_width \/ 4) * 3;\t\t\t\tslide_height = Math.round(slide_height);\n\t\t\t} else if (min_height == 'aspect169') {\n\t\t\t\tslide_height = (slide_width \/ 16) * 9;\t\t\t\tslide_height = Math.round(slide_height);\n\t\t\t} else {\n\t\t\t\tslide_height = (slide_width \/ 100) * min_height;\t\t\t\tslide_height = Math.round(slide_height);\n\t\t\t}\n\t\t\tjQuery('#slider_4232 .owl-item .sa_hover_container').css('min-height', slide_height+'px');\n\t\t}\n\t\tvar owl_goto = jQuery('#slider_4232');\n\t\tjQuery('.slider_4232_goto1').click(function(event){\n\t\t\towl_goto.trigger('to.owl.carousel', 0);\n\t\t});\n\t\tjQuery('.slider_4232_goto2').click(function(event){\n\t\t\towl_goto.trigger('to.owl.carousel', 1);\n\t\t});\n\t\tjQuery('.slider_4232_goto3').click(function(event){\n\t\t\towl_goto.trigger('to.owl.carousel', 2);\n\t\t});\n\t\tjQuery('.slider_4232_goto4').click(function(event){\n\t\t\towl_goto.trigger('to.owl.carousel', 3);\n\t\t});\n\t\tjQuery('.slider_4232_goto5').click(function(event){\n\t\t\towl_goto.trigger('to.owl.carousel', 4);\n\t\t});\n\t\tjQuery('.slider_4232_goto6').click(function(event){\n\t\t\towl_goto.trigger('to.owl.carousel', 5);\n\t\t});\n\t\tjQuery('.slider_4232_goto7').click(function(event){\n\t\t\towl_goto.trigger('to.owl.carousel', 6);\n\t\t});\n\t\tvar resize_4232 = jQuery('.owl-carousel');\n\t\tresize_4232.on('initialized.owl.carousel', function(e) {\n\t\t\tif (typeof(Event) === 'function') {\n\t\t\t\twindow.dispatchEvent(new Event('resize'));\n\t\t\t} else {\n\t\t\t\tvar evt = window.document.createEvent('UIEvents');\n\t\t\t\tevt.initUIEvent('resize', true, false, window, 0);\n\t\t\t\twindow.dispatchEvent(evt);\n\t\t\t}\n\t\t});\n\t});\n<\/script>\n\n\t\t\t<\/div>\n\t\t\t<div class=\"col-lg-7 col-12 mt-5 mt-lg-0\">\n\t\t\t\t<h2 class=\"headingSub\">PREMIOS <\/h2>\n\t\t\t\t<div class=\"revealL text-left active\" style=\"width:100%;position:relative\">\t\n\t\t\t\t\t<p class=\"homePara mb-2 pr-lg-5\">\n\t\t\t\t\t\tNuestro compromiso con la excelencia y la dedicaci\u00f3n a la calidad han sido reconocidos por el Gobierno de la India. Sopariwala Exports ha recibido m\u00e1s de <span style=\"color:#B4A269;\"><b>cuarenta<\/b><\/span> prestigiosos premios nacionales y estatales como &#8220;Premio Nacional a las Exportaciones Sobresalientes&#8221; y &#8220;Placas de Oro del Gobierno del Estado&#8221;.\n\t\t\t\t\t<\/p>\n\t\t\t\t\t<p class=\"homePara pr-lg-5\">\n\t\t\t\t\t\tSomos una &#8216;Casa Comercial&#8217; reconocida por el Gobierno de la India y una Unidad 100% Orientada a la Exportaci\u00f3n (EOU).\n\t\t\t\t\t<\/p>\n\t\t\t\t<\/div>\n\t\t\t<\/div>\t\t\t\t\t\n\t\t<\/div>\t\n\t<\/div>\n<\/section>\n<section class=\"customSection brandBrochureWrap p-0 mb-5\" id=\"gWordMarket\">\n        <div class=\"container\">\n            <div class=\"row\">\n                <div class=\"col-sm-12 col-12 text-center\">\n                    <h1 class=\"brandBrochureHead\" style=\"color: #B5A268;\">\n                        <em>&#8220;EL MUNDO ES NUESTRO MERCADO&#8221;<\/em>\n                    <\/h1>\n                    <a class=\"anchorLink\" data-toggle=\"modal\" data-target=\"#downloadBrochureModal\" href=\"https:\/\/soexdemo.aiolos.solutions\/wp-content\/uploads\/2022\/03\/TheCatalogueCompressLatest.pdf\" download=\"\">Download E-Brochure<\/a>\n                <\/div>\n            <\/div>\n        <\/div>\n<\/section>\n<section class=\"sectionform\" id=\"gGetTouch\">\n\t<div class=\"container\">\n\t\t<div class=\"row\">\n\t\t\t<div class=\"col-sm-6 pr-5 col-12\">\n\t\t\t\t<h1 class=\"headingMain\">ENTRA<\/h1>\n\t\t\t\t<h2 class=\"headingSub\">TOCAR <\/h2>\n\t\t\t<\/div>\n\t\t<\/div>\n\t<\/div>\n\t<div class=\"container\">\n\t\t<div class=\"row\">\n\t\t\t<div class=\"col-sm-12\">\n<!-- [wpforms id=\"1040\"] -->\n\t\t\t\t<div role=\"form\" class=\"wpcf7\" id=\"wpcf7-f4280-o1\" lang=\"en-US\" dir=\"ltr\">\n<div class=\"screen-reader-response\"><p role=\"status\" aria-live=\"polite\" aria-atomic=\"true\"><\/p> <ul><\/ul><\/div>\n<form action=\"\/es\/wp-json\/wp\/v2\/pages\/13#wpcf7-f4280-o1\" method=\"post\" class=\"wpcf7-form init\" novalidate=\"novalidate\" data-status=\"init\">\n<div style=\"display: none;\">\n<input type=\"hidden\" name=\"_wpcf7\" value=\"4280\" \/>\n<input type=\"hidden\" name=\"_wpcf7_version\" value=\"5.5.6\" \/>\n<input type=\"hidden\" name=\"_wpcf7_locale\" value=\"en_US\" \/>\n<input type=\"hidden\" name=\"_wpcf7_unit_tag\" value=\"wpcf7-f4280-o1\" \/>\n<input type=\"hidden\" name=\"_wpcf7_container_post\" value=\"0\" \/>\n<input type=\"hidden\" name=\"_wpcf7_posted_data_hash\" value=\"\" \/>\n<\/div>\n<div class=\"row\">\n<div class=\"col-sm-6\">\n<div class=\"\">\n\t\t\t<span class=\"wpcf7-form-control-wrap your-name\"><input type=\"text\" name=\"your-name\" value=\"\" size=\"40\" class=\"wpcf7-form-control wpcf7-text wpcf7-validates-as-required inputItem contactFormInput\" id=\"userName\" aria-required=\"true\" aria-invalid=\"false\" placeholder=\"Introduzca su nombre\" \/><\/span>\n\t\t<\/div>\n<div class=\" mt-3\">\n\t\t\t<span class=\"wpcf7-form-control-wrap your-company-name\"><input type=\"text\" name=\"your-company-name\" value=\"\" size=\"40\" class=\"wpcf7-form-control wpcf7-text wpcf7-validates-as-required inputItem contactFormInput\" id=\"userCompanyName\" aria-required=\"true\" aria-invalid=\"false\" placeholder=\"Ingrese el nombre de su empresa\" \/><\/span>\n\t\t<\/div>\n<div class=\"mt-3 mb-sm-0 mb-3\">\n<span class=\"wpcf7-form-control-wrap phonetext-10\"><input type=\"text\" name=\"phonetext-10\" value=\"+91\" size=\"40\" maxlength=\"15\" minlength=\"10\" class=\"wpcf7-form-control wpcf7-text wpcf7-phonetext wpcf7-validates-as-required inputItem contactFormInput\" id=\"userMobile\" aria-required=\"true\" aria-invalid=\"false\" \/><input type=\"hidden\" name=\"phonetext-10-country-code\" class=\"wpcf7-phonetext-country-code\" \/><\/span>\n\t\t<\/div>\n<\/div>\n<div class=\"col-sm-6\">\n<div class=\"\">\n                 <span class=\"wpcf7-form-control-wrap title\"><input type=\"text\" name=\"title\" value=\"\" size=\"40\" class=\"wpcf7-form-control wpcf7-text wpcf7-validates-as-required inputItem contactFormInput\" id=\"userDesignation\" aria-required=\"true\" aria-invalid=\"false\" placeholder=\"Ingrese su designaci\u00f3n\" \/><\/span><\/div>\n<div class=\"mt-3\">\n<span class=\"wpcf7-form-control-wrap your-email\"><input type=\"email\" name=\"your-email\" value=\"\" size=\"40\" class=\"wpcf7-form-control wpcf7-text wpcf7-email wpcf7-validates-as-required wpcf7-validates-as-email inputItem contactFormInput\" id=\"userEmail\" aria-required=\"true\" aria-invalid=\"false\" placeholder=\"Ingrese su ID de correo electr\u00f3nico\" \/><\/span><\/div>\n<div class=\"mt-3 mb-sm-0 mb-3\">\n\t\t<span class=\"wpcf7-form-control-wrap your-message\"><textarea name=\"your-message\" cols=\"40\" rows=\"3\" class=\"wpcf7-form-control wpcf7-textarea wpcf7-validates-as-required inputItem contactFormInput\" id=\"userMessage\" aria-required=\"true\" aria-invalid=\"false\" placeholder=\"Introduzca su mensaje aqu\u00ed...\"><\/textarea><\/span>\n               <\/div>\n<\/div>\n<\/div>\n<div class=\"row\">\n<div class=\"col-sm-6 col-12\">\n<div class=\"mb-3 pl-0 pt-3\">\n               <div id=\"cf7sr-69e4c486d0c71\" class=\"cf7sr-g-recaptcha\" data-sitekey=\"6LfMzTkgAAAAADpIdWljd8-QUnQFAEdCdrEwugC1\"><\/div><span class=\"wpcf7-form-control-wrap cf7sr-recaptcha\"><input type=\"hidden\" name=\"cf7sr-recaptcha\" value=\"\" class=\"wpcf7-form-control\"><\/span>\n\t\t<\/div>\n<\/div>\n<\/div>\n<div class=\"row\">\n<div class=\"col-sm-12 mt-5 text-center\">\n\t\t<input type=\"submit\" value=\"Enviar\" class=\"wpcf7-form-control has-spinner wpcf7-submit contactBtn2\" \/><\/p>\n<\/div>\n<\/div>\n<div class=\"wpcf7-response-output\" aria-hidden=\"true\"><\/div><\/form><\/div>\n\t\t\t\t\n\t\t\t<\/div>\n\t\t<\/div>\t\t\n\t<\/div>\t\n<\/section>\n","protected":false},"excerpt":{"rendered":"<p>Exportaciones Sopariwala L\u00edderes mundiales de exportaciones de tabaco &#8216;Artesan\u00eda por excelencia&#8217; desde 1927 95+ A\u00f1os 1000+ Clientas 75+ Pa\u00edses 500+ Empleadas &nbsp; NUESTRA LEGADO El notable viaje de esta empresa global comenz\u00f3 en el Jacob Circle del sur de Mumbai en la India anterior a la independencia alrededor de 1927. Un compromiso inquebrantable con la [&hellip;]<\/p>\n","protected":false},"author":1,"featured_media":0,"parent":0,"menu_order":0,"comment_status":"closed","ping_status":"closed","template":"page-templates\/full-width.php","meta":{"inline_featured_image":false},"translation":{"provider":"WPGlobus","version":"2.8.11","language":"es","enabled_languages":["en","es","fr","ru","ar"],"languages":{"en":{"title":true,"content":true,"excerpt":false},"es":{"title":true,"content":true,"excerpt":false},"fr":{"title":true,"content":true,"excerpt":false},"ru":{"title":true,"content":true,"excerpt":false},"ar":{"title":true,"content":true,"excerpt":false}}},"_links":{"self":[{"href":"https:\/\/soexdemo.aiolos.solutions\/es\/wp-json\/wp\/v2\/pages\/13"}],"collection":[{"href":"https:\/\/soexdemo.aiolos.solutions\/es\/wp-json\/wp\/v2\/pages"}],"about":[{"href":"https:\/\/soexdemo.aiolos.solutions\/es\/wp-json\/wp\/v2\/types\/page"}],"author":[{"embeddable":true,"href":"https:\/\/soexdemo.aiolos.solutions\/es\/wp-json\/wp\/v2\/users\/1"}],"replies":[{"embeddable":true,"href":"https:\/\/soexdemo.aiolos.solutions\/es\/wp-json\/wp\/v2\/comments?post=13"}],"version-history":[{"count":416,"href":"https:\/\/soexdemo.aiolos.solutions\/es\/wp-json\/wp\/v2\/pages\/13\/revisions"}],"predecessor-version":[{"id":4755,"href":"https:\/\/soexdemo.aiolos.solutions\/es\/wp-json\/wp\/v2\/pages\/13\/revisions\/4755"}],"wp:attachment":[{"href":"https:\/\/soexdemo.aiolos.solutions\/es\/wp-json\/wp\/v2\/media?parent=13"}],"curies":[{"name":"wp","href":"https:\/\/api.w.org\/{rel}","templated":true}]}}