{"id":1676,"date":"2022-03-03T09:31:44","date_gmt":"2022-03-03T09:31:44","guid":{"rendered":"https:\/\/soexdemo.aiolos.solutions\/?page_id=1676"},"modified":"2022-06-17T10:34:53","modified_gmt":"2022-06-17T10:34:53","slug":"master-stroke-details","status":"publish","type":"page","link":"https:\/\/soexdemo.aiolos.solutions\/es\/brands\/master-stroke-details\/","title":{"rendered":"Master Stroke Detalles"},"content":{"rendered":"\n<section class=\"customSection p-0 m-0\" id=\"masterStrokeShowcase\">\n\t<img class=\"img-fluid brandDetailsSliderBg\" width=\"100%\" src=\"https:\/\/soexdemo.aiolos.solutions\/wp-content\/uploads\/2022\/04\/master_stroke-7.webp\">\n\t<div class=\"brandDetailsSlider\">\n\t\t<div class=\"container\">\n\t\t\t<div class=\"brandDetSlideMt\">&nbsp;<\/div>\n\t\t\t<div class=\"row flex-column-reverse flex-sm-row align-items-center\">\n\t\t\t\t<div class=\"col-sm-4 col-12 align-self-center\">\n\t\t\t\t\t<div class=\"row\">\n\t\t\t\t\t\t<div class=\"col-12 text-center mt-sm-5\">\n\t\t\t\t\t\t\t<img class=\"img-fluid brandDetailsSlideText mb-3\" src=\"https:\/\/soexdemo.aiolos.solutions\/wp-content\/uploads\/2022\/03\/masterstoke.webp\">\n\t\t\t\t\t\t<\/div>\n\t\t\t\t\t<\/div>\n\t\t\t\t\t<div class=\"row\">\n\t\t\t\t\t\t<div class=\"col-12 text-center\">\n\t\t\t\t\t\t\t<h3 class=\"brandDetailSlideHeading\">LA ELECCI\u00d3N DEL EXPERTO<\/h3>\n\t\t\t\t\t\t<\/div>\n\t\t\t\t\t<\/div>\t\t\t\n\t\t\t\t<\/div>\n\t\t\t\t<div class=\"col-sm-8 col-12 text-right\">\n\t\t\t\t\t<img class=\"img-fluid\" src=\"https:\/\/soexdemo.aiolos.solutions\/wp-content\/uploads\/2022\/03\/MasterStrk.webp\">\n\t\t\t\t<\/div>\n\t\t\t<\/div>\n\t\t<\/div>\n\t<\/div>\n<\/section>\n\n<section class=\"sectionBrandDetails\">\n\t<div class=\"container\">\n\t\t<div class=\"row\">\n\t\t\t<div class=\"col-sm-12 col-12\">\n\t\t\t\t<div class=\"brandDetailPara\">\n\t\t\t\t\t<span><b><i>\u00a1Para los Maestros de la Precisi\u00f3n, cada Golpe es un Hoyo en Uno! <\/i><\/b><\/span><br>\n\t\t\t<br>\t\t\n\n\t\t\t\t\tLa perfecci\u00f3n es artesan\u00eda, pero la Maestr\u00eda es Arte. Cigarrillos filtrados magistralmente elaborados creados con una mezcla premium de Virginia para los conocedores del tabaco fino.<br>\n\t\t\t\t<\/div>\n\t\t\t<\/div>\n\t\t<\/div>\n\t\t<div class=\"row flex-column-reverse flex-sm-row\">\n\t\t\t<div class=\"col-sm-5 text-center text-sm-left align-self-center revealR\">\t\t\t\t\n\t\t\t\t<img class=\"img-fluid brandLogoMargin\" src=\"https:\/\/soexdemo.aiolos.solutions\/wp-content\/uploads\/2022\/03\/masterstrike-red.webp\">\n\t\t\t\t<p class=\"brandDetailPara2 text-center mt-2\">84 MM<\/p>\n\t\t\t\t<img class=\"img-fluid\" src=\"https:\/\/soexdemo.aiolos.solutions\/wp-content\/uploads\/2022\/03\/master_stroke_red1.webp\">\n\t\t\t\t<p class=\"brandDetailPara2 mt-5\">BLEND : VIRGINIA | PACK : 20\/200\/10000<\/p>\n\t\t\t<\/div>\n\t\t\t<div class=\"col-sm-7\">\n\t\t\t\t<div class=\"revealL\" style=\"width:100%;position:relative;\">\n\t\t\t\t\t<img class=\"img-fluid\" src=\"https:\/\/soexdemo.aiolos.solutions\/wp-content\/uploads\/2022\/03\/master_stroke_red.webp\">\t\t\t\t\t\n\t\t\t\t<\/div>\n\t\t\t<\/div>\n\t\t<\/div>\n\t\t\n\t<\/div>\n<\/section>\n\n<section class=\"sectionBrandDetails\">\n\t<div class=\"container\">\n\t\t<div class=\"row flex-column-reverse flex-sm-row\">\n\t\t\t<div class=\"col-sm-5 text-center text-sm-left align-self-center revealR\">\t\t\t\t\t\n\t\t\t\t<img class=\"img-fluid brandLogoMargin\" src=\"https:\/\/soexdemo.aiolos.solutions\/wp-content\/uploads\/2022\/03\/masterstoke-gold.webp\">\n\t\t\t\t<p class=\"brandDetailPara2 text-center mt-2\">84 MM<\/p>\n\t\t\t\t<img class=\"img-fluid\" src=\"https:\/\/soexdemo.aiolos.solutions\/wp-content\/uploads\/2022\/03\/master_stroke_gold1.webp\">\n\t\t\t\t<p class=\"brandDetailPara2 mt-5\">MEZCLA : VIRGINIA | PAQUETE : 20\/200\/10000<\/p>\n\t\t\t<\/div>\n\t\t\t<div class=\"col-sm-7\">\n\t\t\t\t<div class=\"revealL\" style=\"width:100%;position:relative;\">\n\t\t\t\t\t<img class=\"img-fluid\" src=\"https:\/\/soexdemo.aiolos.solutions\/wp-content\/uploads\/2022\/03\/master_stroke_gold.webp\">\t\t\t\t\t\n\t\t\t\t<\/div>\n\t\t\t<\/div>\n\t\t<\/div>\n\t\t\n\t<\/div>\n<\/section>\n\n<section class=\"sectionBrandDetails\">\n\t<div class=\"container\">\n\t\t<div class=\"row flex-column-reverse flex-sm-row\">\n\t\t\t<div class=\"col-sm-5 text-center text-sm-left align-self-center revealR\">\t\t\t\t\n\t\t\t\t<img class=\"img-fluid brandLogoMargin\" src=\"https:\/\/soexdemo.aiolos.solutions\/wp-content\/uploads\/2022\/03\/masterstrike-sliver.webp\">\n\t\t\t\t<p class=\"brandDetailPara2 text-center mt-2\">84 MM<\/p>\n\t\t\t\t<img class=\"img-fluid\" src=\"https:\/\/soexdemo.aiolos.solutions\/wp-content\/uploads\/2022\/03\/master_stroke_grey1.webp\">\n\t\t\t\t<p class=\"brandDetailPara2 mt-5\">MEZCLA : VIRGINIA | PAQUETE : 20\/200\/10000<\/p>\n\t\t\t<\/div>\n\t\t\t<div class=\"col-sm-7\">\n\t\t\t\t<div class=\"revealL\" style=\"width:100%;position:relative;\">\n\t\t\t\t\t<img class=\"img-fluid\" src=\"https:\/\/soexdemo.aiolos.solutions\/wp-content\/uploads\/2022\/03\/master_stroke_grey.webp\">\t\t\t\t\t\n\t\t\t\t<\/div>\n\t\t\t<\/div>\n\t\t<\/div>\n\t\t\n\t<\/div>\n<\/section>\n\n<section class=\"sectionBrandDetails\" style=\"border:none;\">\n\t<div class=\"container mb-5\">\n\t\t<div class=\"row flex-column-reverse flex-sm-row\">\n\t\t\t<div class=\"col-sm-5 text-center text-sm-left align-self-center revealR\">\t\t\t\t\n\t\t\t\t<img class=\"img-fluid brandLogoMargin\" src=\"https:\/\/soexdemo.aiolos.solutions\/wp-content\/uploads\/2022\/03\/masterstrike-mint.webp\">\n\t\t\t\t<p class=\"brandDetailPara2 text-center mt-2\">84 MM<\/p>\n\t\t\t\t<img class=\"img-fluid\" src=\"https:\/\/soexdemo.aiolos.solutions\/wp-content\/uploads\/2022\/03\/master_stroke_mint1.webp\">\n\t\t\t\t<p class=\"brandDetailPara2 mt-5\">MEZCLA : VIRGINIA | PAQUETE : 20\/200\/10000<\/p>\n\t\t\t<\/div>\n\t\t\t<div class=\"col-sm-7\">\n\t\t\t\t<div class=\"revealL\" style=\"width:100%;position:relative;\">\n\t\t\t\t\t<img class=\"img-fluid\" src=\"https:\/\/soexdemo.aiolos.solutions\/wp-content\/uploads\/2022\/03\/master_stroke_mint.webp\">\t\t\t\t\t\n\t\t\t\t<\/div>\t\n\t\t\t<\/div>\n\t\t<\/div>\n\t\t\n\t<\/div>\n<\/section>\n\n<section class=\"customSection brandBrochureWrap p-0 mb-5\">\n\t<div class=\"container\">\n\t\t<div class=\"row\">\n\t\t\t<div class=\"col-sm-12 col-12 text-center\">\n\t\t\t\t<h1 class=\"brandBrochureHead\" style=\"color: #B5A268;\">\n                        <em>\u201cEL MUNDO ES NUESTRO MERCADO\u201d<\/em>\n                    <\/h1>\n\t\t\t\t<a class=\"anchorLink\" data-toggle=\"modal\" data-target=\"#downloadBrochureModal\" href=\"https:\/\/soexdemo.aiolos.solutions\/wp-content\/uploads\/2022\/03\/TheCatalogueCompressLatest.pdf\" download=\"\">Descargar folleto electr\u00f3nico<\/a>\n\t\t\t<\/div>\n\t\t<\/div>\n\t<\/div>\n<\/section>\n\n<section class=\"sectionform mt-5\">\n\t<div class=\"container\">\n\t\t<div class=\"row\">\n\t\t\t<div class=\"col-sm-6 pr-5 col-12\">\n\t\t\t\t<h1 class=\"headingMain\">ENTRA<\/h1>\n\t\t\t\t<h2 class=\"headingSub\">TOCAR  <\/h2>\n\t\t\t<\/div>\n\t\t<\/div>\n\t<\/div>\n\t<div class=\"container\">\n\t\t<div class=\"row\">\n\t\t\t<div class=\"col-sm-12\">\n\t\t\t\t<div role=\"form\" class=\"wpcf7\" id=\"wpcf7-f4280-o1\" lang=\"en-US\" dir=\"ltr\">\n<div class=\"screen-reader-response\"><p role=\"status\" aria-live=\"polite\" aria-atomic=\"true\"><\/p> <ul><\/ul><\/div>\n<form action=\"\/es\/wp-json\/wp\/v2\/pages\/1676#wpcf7-f4280-o1\" method=\"post\" class=\"wpcf7-form init\" novalidate=\"novalidate\" data-status=\"init\">\n<div style=\"display: none;\">\n<input type=\"hidden\" name=\"_wpcf7\" value=\"4280\" \/>\n<input type=\"hidden\" name=\"_wpcf7_version\" value=\"5.5.6\" \/>\n<input type=\"hidden\" name=\"_wpcf7_locale\" value=\"en_US\" \/>\n<input type=\"hidden\" name=\"_wpcf7_unit_tag\" value=\"wpcf7-f4280-o1\" \/>\n<input type=\"hidden\" name=\"_wpcf7_container_post\" value=\"0\" \/>\n<input type=\"hidden\" name=\"_wpcf7_posted_data_hash\" value=\"\" \/>\n<\/div>\n<div class=\"row\">\n<div class=\"col-sm-6\">\n<div class=\"\">\n\t\t\t<span class=\"wpcf7-form-control-wrap your-name\"><input type=\"text\" name=\"your-name\" value=\"\" size=\"40\" class=\"wpcf7-form-control wpcf7-text wpcf7-validates-as-required inputItem contactFormInput\" id=\"userName\" aria-required=\"true\" aria-invalid=\"false\" placeholder=\"Introduzca su nombre\" \/><\/span>\n\t\t<\/div>\n<div class=\" mt-3\">\n\t\t\t<span class=\"wpcf7-form-control-wrap your-company-name\"><input type=\"text\" name=\"your-company-name\" value=\"\" size=\"40\" class=\"wpcf7-form-control wpcf7-text wpcf7-validates-as-required inputItem contactFormInput\" id=\"userCompanyName\" aria-required=\"true\" aria-invalid=\"false\" placeholder=\"Ingrese el nombre de su empresa\" \/><\/span>\n\t\t<\/div>\n<div class=\"mt-3 mb-sm-0 mb-3\">\n<span class=\"wpcf7-form-control-wrap phonetext-10\"><input type=\"text\" name=\"phonetext-10\" value=\"+91\" size=\"40\" maxlength=\"15\" minlength=\"10\" class=\"wpcf7-form-control wpcf7-text wpcf7-phonetext wpcf7-validates-as-required inputItem contactFormInput\" id=\"userMobile\" aria-required=\"true\" aria-invalid=\"false\" \/><input type=\"hidden\" name=\"phonetext-10-country-code\" class=\"wpcf7-phonetext-country-code\" \/><\/span>\n\t\t<\/div>\n<\/div>\n<div class=\"col-sm-6\">\n<div class=\"\">\n                 <span class=\"wpcf7-form-control-wrap title\"><input type=\"text\" name=\"title\" value=\"\" size=\"40\" class=\"wpcf7-form-control wpcf7-text wpcf7-validates-as-required inputItem contactFormInput\" id=\"userDesignation\" aria-required=\"true\" aria-invalid=\"false\" placeholder=\"Ingrese su designaci\u00f3n\" \/><\/span><\/div>\n<div class=\"mt-3\">\n<span class=\"wpcf7-form-control-wrap your-email\"><input type=\"email\" name=\"your-email\" value=\"\" size=\"40\" class=\"wpcf7-form-control wpcf7-text wpcf7-email wpcf7-validates-as-required wpcf7-validates-as-email inputItem contactFormInput\" id=\"userEmail\" aria-required=\"true\" aria-invalid=\"false\" placeholder=\"Ingrese su ID de correo electr\u00f3nico\" \/><\/span><\/div>\n<div class=\"mt-3 mb-sm-0 mb-3\">\n\t\t<span class=\"wpcf7-form-control-wrap your-message\"><textarea name=\"your-message\" cols=\"40\" rows=\"3\" class=\"wpcf7-form-control wpcf7-textarea wpcf7-validates-as-required inputItem contactFormInput\" id=\"userMessage\" aria-required=\"true\" aria-invalid=\"false\" placeholder=\"Introduzca su mensaje aqu\u00ed...\"><\/textarea><\/span>\n               <\/div>\n<\/div>\n<\/div>\n<div class=\"row\">\n<div class=\"col-sm-6 col-12\">\n<div class=\"mb-3 pl-0 pt-3\">\n               <div id=\"cf7sr-69e4c70c1eb4e\" class=\"cf7sr-g-recaptcha\" data-sitekey=\"6LfMzTkgAAAAADpIdWljd8-QUnQFAEdCdrEwugC1\"><\/div><span class=\"wpcf7-form-control-wrap cf7sr-recaptcha\"><input type=\"hidden\" name=\"cf7sr-recaptcha\" value=\"\" class=\"wpcf7-form-control\"><\/span>\n\t\t<\/div>\n<\/div>\n<\/div>\n<div class=\"row\">\n<div class=\"col-sm-12 mt-5 text-center\">\n\t\t<input type=\"submit\" value=\"Enviar\" class=\"wpcf7-form-control has-spinner wpcf7-submit contactBtn2\" \/><\/p>\n<\/div>\n<\/div>\n<div class=\"wpcf7-response-output\" aria-hidden=\"true\"><\/div><\/form><\/div>\n\t\t\t<\/div>\n\t\t<\/div>\t\t\n\t<\/div>\t\n<\/section>\n","protected":false},"excerpt":{"rendered":"<p>&nbsp; LA ELECCI\u00d3N DEL EXPERTO \u00a1Para los Maestros de la Precisi\u00f3n, cada Golpe es un Hoyo en Uno! La perfecci\u00f3n es artesan\u00eda, pero la Maestr\u00eda es Arte. Cigarrillos filtrados magistralmente elaborados creados con una mezcla premium de Virginia para los conocedores del tabaco fino. 84 MM BLEND : VIRGINIA | PACK : 20\/200\/10000 84 MM [&hellip;]<\/p>\n","protected":false},"author":1,"featured_media":0,"parent":739,"menu_order":0,"comment_status":"closed","ping_status":"closed","template":"page-templates\/full-width.php","meta":{"inline_featured_image":false},"translation":{"provider":"WPGlobus","version":"2.8.11","language":"es","enabled_languages":["en","es","fr","ru","ar"],"languages":{"en":{"title":true,"content":true,"excerpt":false},"es":{"title":true,"content":true,"excerpt":false},"fr":{"title":true,"content":true,"excerpt":false},"ru":{"title":true,"content":true,"excerpt":false},"ar":{"title":true,"content":true,"excerpt":false}}},"_links":{"self":[{"href":"https:\/\/soexdemo.aiolos.solutions\/es\/wp-json\/wp\/v2\/pages\/1676"}],"collection":[{"href":"https:\/\/soexdemo.aiolos.solutions\/es\/wp-json\/wp\/v2\/pages"}],"about":[{"href":"https:\/\/soexdemo.aiolos.solutions\/es\/wp-json\/wp\/v2\/types\/page"}],"author":[{"embeddable":true,"href":"https:\/\/soexdemo.aiolos.solutions\/es\/wp-json\/wp\/v2\/users\/1"}],"replies":[{"embeddable":true,"href":"https:\/\/soexdemo.aiolos.solutions\/es\/wp-json\/wp\/v2\/comments?post=1676"}],"version-history":[{"count":60,"href":"https:\/\/soexdemo.aiolos.solutions\/es\/wp-json\/wp\/v2\/pages\/1676\/revisions"}],"predecessor-version":[{"id":4762,"href":"https:\/\/soexdemo.aiolos.solutions\/es\/wp-json\/wp\/v2\/pages\/1676\/revisions\/4762"}],"up":[{"embeddable":true,"href":"https:\/\/soexdemo.aiolos.solutions\/es\/wp-json\/wp\/v2\/pages\/739"}],"wp:attachment":[{"href":"https:\/\/soexdemo.aiolos.solutions\/es\/wp-json\/wp\/v2\/media?parent=1676"}],"curies":[{"name":"wp","href":"https:\/\/api.w.org\/{rel}","templated":true}]}}