{"id":805,"date":"2022-02-25T02:11:39","date_gmt":"2022-02-25T02:11:39","guid":{"rendered":"http:\/\/soex\/?page_id=805"},"modified":"2022-06-17T10:30:17","modified_gmt":"2022-06-17T10:30:17","slug":"history-of-cigarette","status":"publish","type":"page","link":"https:\/\/soexdemo.aiolos.solutions\/es\/history-of-cigarette\/","title":{"rendered":"History of Cigarette"},"content":{"rendered":"\n<section class=\"customSection p-0 m-0\">\n\t\t<img loading=\"lazy\" class=\"img-fluid histCigrbgMobile\" width=\"100%\" height=\"100%\" src=\"https:\/\/soexdemo.aiolos.solutions\/wp-content\/uploads\/2022\/03\/concrete-floor-smoke-wall-copy-11.webp\">\n\t\t<h1 class=\"themeHeading\">Nuestro diferenciador<\/h1>\n\t\t\n\t<\/section>\n\t<section class=\"customSection pt-0\">\n\t\t<div class=\"container\">\n\t\t\t<div class=\"row\">\n\t\t\t\t<div class=\"offset-lg-2 col-lg-8 col-12\">\n\t\t\t\t\t<div class=\"videoContainer\">\n\t\t\t\t\t\t         <style>\n             #player69e4c77ebed52.h5vp_player { width: 100%; border-radius: 27px; overflow: hidden; }        <\/style>\n        <div id=\"h5vp_player\">\n            <div id=\"player69e4c77ebed52\" class=\"h5vp_player h5vp_player_initializer\" data-settings=\"{&quot;options&quot;:{&quot;controls&quot;:[&quot;play-large&quot;,&quot;rewind&quot;,&quot;play&quot;,&quot;fast-forward&quot;,&quot;progress&quot;,&quot;current-time&quot;,&quot;mute&quot;,&quot;volume&quot;,&quot;settings&quot;,&quot;fullscreen&quot;],&quot;loop&quot;:{&quot;active&quot;:false},&quot;muted&quot;:false,&quot;hideControls&quot;:true,&quot;autoplay&quot;:false,&quot;tooltips&quot;:{&quot;controls&quot;:true,&quot;seek&quot;:true},&quot;resetOnEnd&quot;:true,&quot;captions&quot;:{&quot;active&quot;:true,&quot;update&quot;:true}},&quot;infos&quot;:{&quot;source&quot;:&quot;https:\\\/\\\/soexdemo.aiolos.solutions\\\/wp-content\\\/uploads\\\/2022\\\/02\\\/HISTORY_OF_CIGRATTERSS_SHOT_VERSION_15-11-18.mp4&quot;,&quot;poster&quot;:&quot;https:\\\/\\\/soexdemo.aiolos.solutions\\\/wp-content\\\/uploads\\\/2022\\\/04\\\/Group-346.webp&quot;,&quot;skin&quot;:&quot;default&quot;,&quot;id&quot;:0}}\">\n                <video playsinline poster=\"https:\/\/soexdemo.aiolos.solutions\/wp-content\/uploads\/2022\/04\/Group-346.webp\"  >\n                    <source src=\"https:\/\/soexdemo.aiolos.solutions\/wp-content\/uploads\/2022\/02\/HISTORY_OF_CIGRATTERSS_SHOT_VERSION_15-11-18.mp4\" type=\"video\/mp4\">\n                    Your browser does not support the video tag.\n                <\/video>\n            <\/div>\n        <\/div>\n        \n\t\t\t\t\t<\/div>\n\t\t\t\t<\/div>\n\t\t\t<\/div>\n\t\t\t<div class=\"row aboutTabletMargin\">\n\t\t\t\t<div class=\"offset-lg-2 col-lg-8 col-12 revealR\">\n\t\t\t\t\t<p class=\"homePara text-left text-sm-center mt-5\">\n\t\t\t\t\t\t<strong>\n\t\t\t\t\t\t\tLos cigarrillos son tan antiguos como la civilizaci\u00f3n misma. Los tubos de ca\u00f1a de tabaco de los aztecas, los cigarrillos del siglo XVI de los espa\u00f1oles y los cigarrillos del siglo XVIII de los comerciantes portugueses e italianos que los llevaron al Levante y Rusia, todo parte del legado del cigarrillo moderno. Las tropas francesas en las guerras napole\u00f3nicas llamaron a estos humos cigarrillos, tal como los conocemos hoy.\n\t\t\t\t\t\t<\/strong>\n\t\t\t\t\t<\/p>\n\t\t\t\t\t<p class=\"homePara text-left text-sm-center\">\n\t\t\t\t\t\tEl ilustre viaje de Sopariwala Exports comenz\u00f3 en la India anterior a la independencia alrededor de 1927 en el Jacob Circle del sur de Mumbai. Lo que comenz\u00f3 como un peque\u00f1o establecimiento es ahora una empresa corporativa multinacional respetada a nivel mundial que ha ganado numerosos premios y reconocimientos estatales y centrales. Sopariwala Exports es una<strong style=\"color: #B5A269;\">&#8220;Casa de Exportaci\u00f3n Reconocida por el Gobierno de la India&#8221;<\/strong>\n\t\t\t\t\t<\/p>\n\t\t\t\t<\/div>\n\t\t\t<\/div>\n\t\t<\/div>\n\t<\/section>\n\n\t<section class=\"hocSection\">\n\t\t<div class=\"container-fluid\">\n\t\t\t<div class=\"row\">\n\t\t\t\t<div class=\"col-lg-12 col-12 hocLeftBg_1\">\n\t\t\t\t\t<div class=\"container\">\n\t\t\t\t\t\t<div class=\"row\">\n\t\t\t\t\t\t\t<div class=\"customLeftImgMargin\">&nbsp;<\/div>\n\t\t\t\t\t\t<\/div>\n\t\t\t\t\t\t<div class=\"row\">\n\t\t\t\t\t\t\t<div class=\"offset-lg-7 col-lg-5 col-12 p-1 p-lg-auto\">\n\t\t\t\t\t\t\t\t<div class=\"revealL\" style=\"position:relative;width:100%\">\n\t\t\t\t\t\t\t\t<div class=\"backRight backRightAniLeft\">&nbsp;<\/div>\n\t\t\t\t\t\t\t\t<h1 class=\"hocHeading\">\n\t\t\t\t\t\t\t\t\tNUESTRA INFRAESTRUCTURA\n\t\t\t\t\t\t\t\t<\/h1>\n\t\t\t\t\t\t\t\t<img class=\"img-fluid mobileViewOnly mb-5\" src=\"https:\/\/soexdemo.aiolos.solutions\/wp-content\/uploads\/2022\/06\/our-infrastructure-mobile.webp\">\n\t\t\t\t\t\t\t\t\n\t\t\t\t\t\t\t\t<p class=\"homePara text-left\">\n\t\t\t\t\t\t\t\t\tLos productos de primera calidad de las exportaciones de Sopariwala se fabrican en infraestructura de clase mundial en la India. Nuestras <b>CUATRO<\/b> f\u00e1bricas de \u00faltima generaci\u00f3n en Gujarat, India, est\u00e1n distribuidas en <b>m\u00e1s de un mill\u00f3n de pies cuadrados<\/b> con una capacidad de procesamiento anual de <b>m\u00e1s de 25\u00a0000 toneladas<\/b>. b> de tabaco.<br>\nIntrodujimos la primera &#8220;Planta de secado completo&#8221; de la industria, una l\u00ednea de procesamiento y envasado completamente automatizada en la India. Nuestra Innovaci\u00f3n, Infraestructura y Empleados nos permiten enviar pedidos de cualquier escala en un per\u00edodo de tiempo promedio de 15 d\u00edas.\n\t\t\t\t\t\t\t\t<\/p>\n\t\t\t\t\t\t\t\t<\/div>\n\t\t\t\t\t\t\t<\/div>\n\t\t\t\t\t\t<\/div>\n\t\t\t\t\t<\/div>\n\t\t\t\t<\/div>\n\t\t\t<\/div>\t\n\t\t<\/div>\n\t<\/section>\n\n\t<section class=\"hocSection\">\n\t\t<div class=\"container-fluid\">\n\t\t\t<div class=\"row\">\n\t\t\t\t<div class=\"col-lg-12 col-12 hocRightBg_1\">\n\t\t\t\t\t<div class=\"container revealR\">\n\t\t\t\t\t\t<div class=\"row\">\n\t\t\t\t\t\t\t<div class=\"customLeftImgMargin\">&nbsp;<\/div>\n\t\t\t\t\t\t<\/div>\n\t\t\t\t\t\t<div class=\"row\">\n\t\t\t\t\t\t\t<div class=\"col-lg-5 p-1 p-lg-auto\">\n\t\t\t\t\t\t\t\t<div class=\"backRight backRightAniRight\">&nbsp;<\/div>\n\t\t\t\t\t\t\t\t<h1 class=\"hocHeading\">\n\t\t\t\t\t\t\t\t\tNUESTRAS GRANJAS, AGRICULTORES Y EMPLEADOS\n\t\t\t\t\t\t\t\t<\/h1>\n\t\t\t\t\t\t\t\t<img class=\"img-fluid mobileViewOnly mb-5\" src=\"https:\/\/soexdemo.aiolos.solutions\/wp-content\/uploads\/2022\/06\/our-farms-mobile.webp\">\n\t\t\t\t\t\t\t\t<p class=\"homePara text-left\">\n\t\t\t\t\t\t\t\t\tNuestras fincas en Gujarat, India, se extienden sobre 500 hect\u00e1reas y cultivamos una rica variedad de tabaco manufacturado y no manufacturado: Black Chopadia, Indian Calcutti, Lal Chopadia, Rustica, Isfahan, entre otros. <br>\nNuestra familia muy unida de m\u00e1s de 5000 agricultores y m\u00e1s de 2000 empleados es la base de nuestra empresa global. Compensamos a los agricultores por adelantado en la entrega de sus productos, los capacitamos con los \u00faltimos conocimientos t\u00e9cnicos e incluso los ayudamos con pr\u00e9stamos sin garant\u00eda. Nuestro enfoque nos convierte a nosotros, Sopariwala Exports, en la primera opci\u00f3n de los agricultores para vender sus existencias.\n\t\t\t\t\t\t\t\t<\/p>\n\t\t\t\t\t\t\t<\/div>\n\t\t\t\t\t\t<\/div>\n\t\t\t\t\t<\/div>\n\t\t\t\t<\/div>\n\t\t\t<\/div>\t\n\t\t<\/div>\n\t<\/section>\n\n\t<!-- <section class=\"hocSection\">\n\t\t<div class=\"container-fluid\">\n\t\t\t<div class=\"row\">\n\t\t\t\t<div class=\"col-sm-12 col-12 hocLeftBg_2\">\n\t\t\t\t\t<div class=\"container revealL\">\n\t\t\t\t\t\t<div class=\"row\">\n\t\t\t\t\t\t\t<div class=\"customLeftImgMargin\">&nbsp;<\/div>\n\t\t\t\t\t\t<\/div>\n\t\t\t\t\t\t<div class=\"row\">\n\t\t\t\t\t\t\t<div class=\"offset-sm-7 col-sm-5\">\n\t\t\t\t\t\t\t\t<h1 class=\"hocHeading\">\n\t\t\t\t\t\t\t\t\tSample data, content creation work is in progress. \n\t\t\t\t\t\t\t\t<\/h1>\n\t\t\t\t\t\t\t\t<p class=\"homePara text-left\">\n\t\t\t\t\t\t\t\t\tSample data, content creation work is in progress. Sample data, content creation work is in progress. Sample data, content creation work is in progress. Sample data, content creation work is in progress. Sample data, content creation work is in progress. Sample data, content creation work is in progress. \n\t\t\t\t\t\t\t\t<\/p>\n\t\t\t\t\t\t\t<\/div>\n\t\t\t\t\t\t<\/div>\n\t\t\t\t\t<\/div>\n\t\t\t\t<\/div>\n\t\t\t<\/div>\t\n\t\t<\/div>\n\t<\/section> -->\n\t<section class=\"customSection brandBrochureWrap p-0 mb-5\">\n\t\t<div class=\"container\">\n\t\t\t<div class=\"row\">\n\t\t\t\t<div class=\"col-sm-12 col-12 text-center\">\n\t\t\t\t\t<h1 class=\"brandBrochureHead\" style=\"color: #B5A268;\">\n\t\t\t\t\t\t\t<em>\u201cEL MUNDO ES NUESTRO MERCADO\u201d<\/em>\n\t\t\t\t\t\t<\/h1>\n\t\t\t\t\t<a class=\"anchorLink\" data-toggle=\"modal\" data-target=\"#downloadBrochureModal\" href=\"https:\/\/soexdemo.aiolos.solutions\/wp-content\/uploads\/2022\/03\/TheCatalogueCompressLatest.pdf\" download=\"\">Descargar folleto electr\u00f3nico<\/a>\n\t\t\t\t<\/div>\n\t\t\t<\/div>\n\t\t<\/div>\n\t<\/section>\n\t<section class=\"sectionform\">\n\t\t<div class=\"container\">\n\t\t\t<div class=\"row\">\n\t\t\t\t<div class=\"col-sm-6 pr-5 col-12\">\n\t\t\t\t\t<h1 class=\"headingMain\">ENTRA<\/h1>\n\t\t\t\t\t<h2 class=\"headingSub\">TOCAR <\/h2>\n\t\t\t\t<\/div>\n\t\t\t<\/div>\n\t\t<\/div>\n\t\t<div class=\"container\">\n\t\t\t<div class=\"row\">\n\t\t\t\t<div class=\"col-sm-12\">\n\t<!-- [wpforms id=\"1040\"] -->\n\t\t\t\t\t<div role=\"form\" class=\"wpcf7\" id=\"wpcf7-f4280-o1\" lang=\"en-US\" dir=\"ltr\">\n<div class=\"screen-reader-response\"><p role=\"status\" aria-live=\"polite\" aria-atomic=\"true\"><\/p> <ul><\/ul><\/div>\n<form action=\"\/es\/wp-json\/wp\/v2\/pages\/805#wpcf7-f4280-o1\" method=\"post\" class=\"wpcf7-form init\" novalidate=\"novalidate\" data-status=\"init\">\n<div style=\"display: none;\">\n<input type=\"hidden\" name=\"_wpcf7\" value=\"4280\" \/>\n<input type=\"hidden\" name=\"_wpcf7_version\" value=\"5.5.6\" \/>\n<input type=\"hidden\" name=\"_wpcf7_locale\" value=\"en_US\" \/>\n<input type=\"hidden\" name=\"_wpcf7_unit_tag\" value=\"wpcf7-f4280-o1\" \/>\n<input type=\"hidden\" name=\"_wpcf7_container_post\" value=\"0\" \/>\n<input type=\"hidden\" name=\"_wpcf7_posted_data_hash\" value=\"\" \/>\n<\/div>\n<div class=\"row\">\n<div class=\"col-sm-6\">\n<div class=\"\">\n\t\t\t<span class=\"wpcf7-form-control-wrap your-name\"><input type=\"text\" name=\"your-name\" value=\"\" size=\"40\" class=\"wpcf7-form-control wpcf7-text wpcf7-validates-as-required inputItem contactFormInput\" id=\"userName\" aria-required=\"true\" aria-invalid=\"false\" placeholder=\"Introduzca su nombre\" \/><\/span>\n\t\t<\/div>\n<div class=\" mt-3\">\n\t\t\t<span class=\"wpcf7-form-control-wrap your-company-name\"><input type=\"text\" name=\"your-company-name\" value=\"\" size=\"40\" class=\"wpcf7-form-control wpcf7-text wpcf7-validates-as-required inputItem contactFormInput\" id=\"userCompanyName\" aria-required=\"true\" aria-invalid=\"false\" placeholder=\"Ingrese el nombre de su empresa\" \/><\/span>\n\t\t<\/div>\n<div class=\"mt-3 mb-sm-0 mb-3\">\n<span class=\"wpcf7-form-control-wrap phonetext-10\"><input type=\"text\" name=\"phonetext-10\" value=\"+91\" size=\"40\" maxlength=\"15\" minlength=\"10\" class=\"wpcf7-form-control wpcf7-text wpcf7-phonetext wpcf7-validates-as-required inputItem contactFormInput\" id=\"userMobile\" aria-required=\"true\" aria-invalid=\"false\" \/><input type=\"hidden\" name=\"phonetext-10-country-code\" class=\"wpcf7-phonetext-country-code\" \/><\/span>\n\t\t<\/div>\n<\/div>\n<div class=\"col-sm-6\">\n<div class=\"\">\n                 <span class=\"wpcf7-form-control-wrap title\"><input type=\"text\" name=\"title\" value=\"\" size=\"40\" class=\"wpcf7-form-control wpcf7-text wpcf7-validates-as-required inputItem contactFormInput\" id=\"userDesignation\" aria-required=\"true\" aria-invalid=\"false\" placeholder=\"Ingrese su designaci\u00f3n\" \/><\/span><\/div>\n<div class=\"mt-3\">\n<span class=\"wpcf7-form-control-wrap your-email\"><input type=\"email\" name=\"your-email\" value=\"\" size=\"40\" class=\"wpcf7-form-control wpcf7-text wpcf7-email wpcf7-validates-as-required wpcf7-validates-as-email inputItem contactFormInput\" id=\"userEmail\" aria-required=\"true\" aria-invalid=\"false\" placeholder=\"Ingrese su ID de correo electr\u00f3nico\" \/><\/span><\/div>\n<div class=\"mt-3 mb-sm-0 mb-3\">\n\t\t<span class=\"wpcf7-form-control-wrap your-message\"><textarea name=\"your-message\" cols=\"40\" rows=\"3\" class=\"wpcf7-form-control wpcf7-textarea wpcf7-validates-as-required inputItem contactFormInput\" id=\"userMessage\" aria-required=\"true\" aria-invalid=\"false\" placeholder=\"Introduzca su mensaje aqu\u00ed...\"><\/textarea><\/span>\n               <\/div>\n<\/div>\n<\/div>\n<div class=\"row\">\n<div class=\"col-sm-6 col-12\">\n<div class=\"mb-3 pl-0 pt-3\">\n               <div id=\"cf7sr-69e4c77ebf242\" class=\"cf7sr-g-recaptcha\" data-sitekey=\"6LfMzTkgAAAAADpIdWljd8-QUnQFAEdCdrEwugC1\"><\/div><span class=\"wpcf7-form-control-wrap cf7sr-recaptcha\"><input type=\"hidden\" name=\"cf7sr-recaptcha\" value=\"\" class=\"wpcf7-form-control\"><\/span>\n\t\t<\/div>\n<\/div>\n<\/div>\n<div class=\"row\">\n<div class=\"col-sm-12 mt-5 text-center\">\n\t\t<input type=\"submit\" value=\"Enviar\" class=\"wpcf7-form-control has-spinner wpcf7-submit contactBtn2\" \/><\/p>\n<\/div>\n<\/div>\n<div class=\"wpcf7-response-output\" aria-hidden=\"true\"><\/div><\/form><\/div>\n\t\t\t\t\t\n\t\t\t\t<\/div>\n\t\t\t<\/div>\t\t\n\t\t<\/div>\t\n\t<\/section>\n","protected":false},"excerpt":{"rendered":"<p>Nuestro diferenciador Los cigarrillos son tan antiguos como la civilizaci\u00f3n misma. Los tubos de ca\u00f1a de tabaco de los aztecas, los cigarrillos del siglo XVI de los espa\u00f1oles y los cigarrillos del siglo XVIII de los comerciantes portugueses e italianos que los llevaron al Levante y Rusia, todo parte del legado del cigarrillo moderno. Las [&hellip;]<\/p>\n","protected":false},"author":1,"featured_media":0,"parent":0,"menu_order":0,"comment_status":"closed","ping_status":"closed","template":"page-templates\/full-width.php","meta":{"inline_featured_image":false},"translation":{"provider":"WPGlobus","version":"2.8.11","language":"es","enabled_languages":["en","es","fr","ru","ar"],"languages":{"en":{"title":true,"content":true,"excerpt":false},"es":{"title":false,"content":true,"excerpt":false},"fr":{"title":true,"content":true,"excerpt":false},"ru":{"title":true,"content":true,"excerpt":false},"ar":{"title":true,"content":true,"excerpt":false}}},"_links":{"self":[{"href":"https:\/\/soexdemo.aiolos.solutions\/es\/wp-json\/wp\/v2\/pages\/805"}],"collection":[{"href":"https:\/\/soexdemo.aiolos.solutions\/es\/wp-json\/wp\/v2\/pages"}],"about":[{"href":"https:\/\/soexdemo.aiolos.solutions\/es\/wp-json\/wp\/v2\/types\/page"}],"author":[{"embeddable":true,"href":"https:\/\/soexdemo.aiolos.solutions\/es\/wp-json\/wp\/v2\/users\/1"}],"replies":[{"embeddable":true,"href":"https:\/\/soexdemo.aiolos.solutions\/es\/wp-json\/wp\/v2\/comments?post=805"}],"version-history":[{"count":129,"href":"https:\/\/soexdemo.aiolos.solutions\/es\/wp-json\/wp\/v2\/pages\/805\/revisions"}],"predecessor-version":[{"id":4756,"href":"https:\/\/soexdemo.aiolos.solutions\/es\/wp-json\/wp\/v2\/pages\/805\/revisions\/4756"}],"wp:attachment":[{"href":"https:\/\/soexdemo.aiolos.solutions\/es\/wp-json\/wp\/v2\/media?parent=805"}],"curies":[{"name":"wp","href":"https:\/\/api.w.org\/{rel}","templated":true}]}}