{"id":842,"date":"2022-02-25T04:08:00","date_gmt":"2022-02-25T04:08:00","guid":{"rendered":"http:\/\/soex\/?page_id=842"},"modified":"2022-06-17T10:31:20","modified_gmt":"2022-06-17T10:31:20","slug":"event-and-media","status":"publish","type":"page","link":"https:\/\/soexdemo.aiolos.solutions\/es\/event-and-media\/","title":{"rendered":"Event and media"},"content":{"rendered":"\n<section class=\"customSection pt-0\" id=\"gEvtMediaSlider\">\n\t<div class='white' style='background:rgba(0,0,0,0); border:solid 0px rgba(0,0,0,0); border-radius:0px; padding:0px 0px 0px 0px;'>\n<div id='slider_4250' class='owl-carousel sa_owl_theme owl-pagination-true autohide-arrows' data-slider-id='slider_4250' style=''>\n<div id='slider_4250_slide01' class='sa_hover_container sa_vert_center_wrap' style='padding:0% 0%; margin:0px 0%; background-image:url(&quot;https:\/\/soexdemo.aiolos.solutions\/wp-content\/uploads\/2022\/03\/em_detail-1.webp&quot;); background-position:center bottom; background-size:cover; background-repeat:no-repeat; '><div class='sa_vert_center'><div class=\"container\">\r\n<div class=\"row flex-column-reverse flex-sm-row\">\r\n<div class=\"col-sm-12 col-12 text-center mt-5 mt-sm-0\">\r\n<h3 class=\"headingenm\">CAFEX 2015<\/h3>\r\n<h1 class=\"headingenmSub\">CAIRO EGYPT<\/h1>\r\n<a class=\"anchorLink\"  href=\"javascript:void(0)\" data-toggle=\"modal\" data-target=\"#enquireNowModal\">Consultar ahora<\/a>\r\n<\/div>\r\n<\/div>\r\n<\/div><\/div><\/div>\n<div id='slider_4250_slide02' class='sa_hover_container sa_vert_center_wrap' style='padding:0% 0%; margin:0px 0%; background-image:url(&quot;https:\/\/soexdemo.aiolos.solutions\/wp-content\/uploads\/2022\/03\/event2-1.webp&quot;); background-position:center bottom; background-size:cover; background-repeat:no-repeat; '><div class='sa_vert_center'><div class=\"container\">\r\n\t<div class=\"row flex-column-reverse flex-sm-row\">\r\n\t\t<div class=\"col-sm-12 col-12 text-center mt-5 mt-sm-0\">\r\n\t\t\t<h3 class=\"headingenm\">OCOMER 2015<\/h3>\r\n\t\t\t<h1 class=\"headingenmSub\">PANAMA CITY<\/h1>\r\n\t\t\t<a class=\"anchorLink\"  href=\"javascript:void(0)\" data-toggle=\"modal\" data-target=\"#enquireNowModal\">Consultar ahora<\/a>\r\n\t\t<\/div>\r\n\t<\/div>\t\t\r\n<\/div><\/div><\/div>\n<div id='slider_4250_slide03' class='sa_hover_container sa_vert_center_wrap' style='padding:0% 0%; margin:0px 0%; background-image:url(&quot;https:\/\/soexdemo.aiolos.solutions\/wp-content\/uploads\/2022\/03\/event3-1.webp&quot;); background-position:center bottom; background-size:cover; background-repeat:no-repeat; '><div class='sa_vert_center'><div class=\"container\">\r\n\t<div class=\"row flex-column-reverse flex-sm-row\">\r\n\t\t<div class=\"col-sm-12 col-12 text-center mt-5 mt-sm-0\">\r\n\t\t\t<h3 class=\"headingenm\">HOOKAH FAIR<\/h3>\r\n\t\t\t<h1 class=\"headingenmSub\">FRANKURT GERMANY<\/h1>\r\n\t\t\t<a class=\"anchorLink\"  href=\"javascript:void(0)\" data-toggle=\"modal\" data-target=\"#enquireNowModal\">Consultar ahora<\/a>\r\n\t\t<\/div>\r\n\t<\/div>\t\t\r\n<\/div><\/div><\/div>\n<\/div>\n<\/div>\n<script type='text\/javascript'>\n\tdocument.addEventListener('DOMContentLoaded', function() {\n\t\tjQuery('#slider_4250').owlCarousel({\n\t\t\titems : 1,\n\t\t\tsmartSpeed : 200,\n\t\t\tautoplay : true,\n\t\t\tautoplayTimeout : 5000,\n\t\t\tautoplayHoverPause : true,\n\t\t\tsmartSpeed : 200,\n\t\t\tfluidSpeed : 200,\n\t\t\tautoplaySpeed : 200,\n\t\t\tnavSpeed : 200,\n\t\t\tdotsSpeed : 200,\n\t\t\tloop : true,\n\t\t\tnav : true,\n\t\t\tnavText : ['Previous','Next'],\n\t\t\tdots : true,\n\t\t\tresponsiveRefreshRate : 200,\n\t\t\tslideBy : 1,\n\t\t\tmergeFit : true,\n\t\t\tautoHeight : false,\n\t\t\tmouseDrag : false,\n\t\t\ttouchDrag : true\n\t\t});\n\t\tsa_resize_slider_4250();\n\t\twindow.addEventListener('resize', sa_resize_slider_4250);\n\t\tfunction sa_resize_slider_4250() {\n\t\t\tvar min_height = '53';\n\t\t\tvar win_width = jQuery(window).width();\n\t\t\tvar slider_width = jQuery('#slider_4250').width();\n\t\t\tif (win_width < 480) {\n\t\t\t\tvar slide_width = slider_width \/ 1;\n\t\t\t} else if (win_width < 768) {\n\t\t\t\tvar slide_width = slider_width \/ 1;\n\t\t\t} else if (win_width < 980) {\n\t\t\t\tvar slide_width = slider_width \/ 1;\n\t\t\t} else if (win_width < 1200) {\n\t\t\t\tvar slide_width = slider_width \/ 1;\n\t\t\t} else if (win_width < 1500) {\n\t\t\t\tvar slide_width = slider_width \/ 1;\n\t\t\t} else {\n\t\t\t\tvar slide_width = slider_width \/ 1;\n\t\t\t}\n\t\t\tslide_width = Math.round(slide_width);\n\t\t\tvar slide_height = '0';\n\t\t\tif (min_height == 'aspect43') {\n\t\t\t\tslide_height = (slide_width \/ 4) * 3;\t\t\t\tslide_height = Math.round(slide_height);\n\t\t\t} else if (min_height == 'aspect169') {\n\t\t\t\tslide_height = (slide_width \/ 16) * 9;\t\t\t\tslide_height = Math.round(slide_height);\n\t\t\t} else {\n\t\t\t\tslide_height = (slide_width \/ 100) * min_height;\t\t\t\tslide_height = Math.round(slide_height);\n\t\t\t}\n\t\t\tjQuery('#slider_4250 .owl-item .sa_hover_container').css('min-height', slide_height+'px');\n\t\t}\n\t\tvar owl_goto = jQuery('#slider_4250');\n\t\tjQuery('.slider_4250_goto1').click(function(event){\n\t\t\towl_goto.trigger('to.owl.carousel', 0);\n\t\t});\n\t\tjQuery('.slider_4250_goto2').click(function(event){\n\t\t\towl_goto.trigger('to.owl.carousel', 1);\n\t\t});\n\t\tjQuery('.slider_4250_goto3').click(function(event){\n\t\t\towl_goto.trigger('to.owl.carousel', 2);\n\t\t});\n\t\tvar resize_4250 = jQuery('.owl-carousel');\n\t\tresize_4250.on('initialized.owl.carousel', function(e) {\n\t\t\tif (typeof(Event) === 'function') {\n\t\t\t\twindow.dispatchEvent(new Event('resize'));\n\t\t\t} else {\n\t\t\t\tvar evt = window.document.createEvent('UIEvents');\n\t\t\t\tevt.initUIEvent('resize', true, false, window, 0);\n\t\t\t\twindow.dispatchEvent(evt);\n\t\t\t}\n\t\t});\n\t});\n<\/script>\n\n<\/section>\n\n<section class=\"customSection p-0 m-0\">\n\t<div class=\"container\">\n\t\t<div class=\"row\">\n\t\t\t<div class=\"offset-lg-2 col-lg-8 revealR\">\n\t\t\t\t<p class=\"homePara text-center\">\n\t\t\t\t\tDatos de muestra, el trabajo de creaci\u00f3n de contenido est\u00e1 en progreso. Datos de muestra, el trabajo de creaci\u00f3n de contenido est\u00e1 en progreso. Datos de muestra, el trabajo de creaci\u00f3n de contenido est\u00e1 en progreso. Datos de muestra, el trabajo de creaci\u00f3n de contenido est\u00e1 en progreso. Datos de muestra, el trabajo de creaci\u00f3n de contenido est\u00e1 en progreso. Datos de muestra, el trabajo de creaci\u00f3n de contenido est\u00e1 en progreso. Datos de muestra, el trabajo de creaci\u00f3n de contenido est\u00e1 en progreso. Datos de muestra, el trabajo de creaci\u00f3n de contenido est\u00e1 en progreso. Datos de muestra, el trabajo de creaci\u00f3n de contenido est\u00e1 en progreso. Datos de muestra, el trabajo de creaci\u00f3n de contenido est\u00e1 en progreso. \n\t\t\t\t<\/p>\n\t\t\t<\/div>\n\t\t<\/div>\n\t<\/div>\n<\/section>\n\n<section class=\"customSection\">\n\t<div class=\"container\">\n\t\t<div class=\"row\">\n\t\t\t<div class=\"offset-lg-1 col-lg-10\">\n\t\t\t\t<div class=\"row mb-5\">\n\t\t\t\t\t<div class=\"col-sm-4 col-6 mb-5\">\n\t\t\t\t\t\t<div class=\"enmWrap revealR\" id=\"gevtMedia\">\n\t\t\t\t\t\t\t<a href=\"#\" class=\"enmWrapLink\">\n\t\t\t\t\t\t\t\t<img class=\"img-fluid\" src=\"https:\/\/soexdemo.aiolos.solutions\/wp-content\/uploads\/2022\/03\/image-541.webp\">\n\t\t\t\t\t\t\t\t<p class=\"enmHead pl-3 pr-3 mb-0\">Cafex 2015 El Cairo Egipto<\/p>\n\t\t\t\t\t\t\t\t\n\t\t\t\t\t\t\t<\/a>\n\t\t\t\t\t\t<\/div>\n\t\t\t\t\t<\/div>\n\t\t\t\t\t<div class=\"col-sm-4 col-6 mb-5\">\n\t\t\t\t\t\t<div class=\"enmWrap revealR\">\n\t\t\t\t\t\t\t<a href=\"#\" class=\"enmWrapLink\">\n\t\t\t\t\t\t\t\t<img class=\"img-fluid\" src=\"https:\/\/soexdemo.aiolos.solutions\/wp-content\/uploads\/2022\/03\/image-81.webp\">\n\t\t\t\t\t\t\t\t<p class=\"enmHead pl-3 pr-3 mb-0\">Ocomer 2015 Ciudad de Panam\u00e1<\/p>\n\t\t\t\t\t\t\t\t\n\t\t\t\t\t\t\t<\/a>\n\t\t\t\t\t\t<\/div>\n\t\t\t\t\t<\/div>\n\t\t\t\t\t<div class=\"col-sm-4 col-6 mb-5\">\n\t\t\t\t\t\t<div class=\"enmWrap revealR\">\n\t\t\t\t\t\t\t<a href=\"#\" class=\"enmWrapLink\">\n\t\t\t\t\t\t\t\t<img class=\"img-fluid\" src=\"https:\/\/soexdemo.aiolos.solutions\/wp-content\/uploads\/2022\/03\/image-91.webp\">\n\t\t\t\t\t\t\t\t<p class=\"enmHead pl-3 pr-3 mb-0\">Feria de la cachimba Frankfurt Alemania<\/p>\n\t\t\t\t\t\t\t<\/a>\n\t\t\t\t\t\t<\/div>\n\t\t\t\t\t<\/div>\n\t\t\t\t\t<div class=\"col-sm-4 col-6 mb-5\">\n\t\t\t\t\t\t<div class=\"enmWrap revealR\">\n\t\t\t\t\t\t\t<a href=\"#\" class=\"enmWrapLink\">\n\t\t\t\t\t\t\t\t<img class=\"img-fluid\" src=\"https:\/\/soexdemo.aiolos.solutions\/wp-content\/uploads\/2022\/03\/DSCN2807-1.webp\">\n\t\t\t\t\t\t\t\t<p class=\"enmHead pl-3 pr-3 mb-0\">Tabaco Medio Oriente 2014 Dubai, Emiratos \u00c1rabes Unidos<\/p>\n\t\t\t\t\t\t\t<\/a>\n\t\t\t\t\t\t<\/div>\n\t\t\t\t\t<\/div>\n\t\t\t\t\t<div class=\"col-sm-4 col-6 mb-5\">\n\t\t\t\t\t\t<div class=\"enmWrap revealR\">\n\t\t\t\t\t\t\t<a href=\"#\" class=\"enmWrapLink\">\n\t\t\t\t\t\t\t\t<img class=\"img-fluid\" src=\"https:\/\/soexdemo.aiolos.solutions\/wp-content\/uploads\/2022\/03\/DSCN6046-1.webp\">\n\t\t\t\t\t\t\t\t<p class=\"enmHead pl-3 pr-3 mb-0\">Inter Tabac 2014 Dortmund Alemania<\/p>\n\t\t\t\t\t\t\t<\/a>\n\t\t\t\t\t\t<\/div>\n\t\t\t\t\t<\/div>\n\t\t\t\t\t<div class=\"col-sm-4 col-6 mb-5\">\n\t\t\t\t\t\t<div class=\"enmWrap revealR\">\n\t\t\t\t\t\t\t<a href=\"#\" class=\"enmWrapLink\">\n\t\t\t\t\t\t\t\t<img class=\"img-fluid\" src=\"https:\/\/soexdemo.aiolos.solutions\/wp-content\/uploads\/2022\/03\/IMG_0134-1.webp\">\n\t\t\t\t\t\t\t\t<p class=\"enmHead pl-3 pr-3 mb-0\">Tobacco Plus Expo lasvegas EE.UU. 2013<\/p>\n\t\t\t\t\t\t\t<\/a>\n\t\t\t\t\t\t<\/div>\n\t\t\t\t\t<\/div>\n\t\t\t\t\t<div class=\"col-sm-4 col-6 mb-5\">\n\t\t\t\t\t\t<div class=\"enmWrap revealR\">\n\t\t\t\t\t\t\t<a href=\"#\" class=\"enmWrapLink\">\n\t\t\t\t\t\t\t\t<img class=\"img-fluid\" src=\"https:\/\/soexdemo.aiolos.solutions\/wp-content\/uploads\/2022\/03\/DSC01493-1.webp\">\n\t\t\t\t\t\t\t\t<p class=\"enmHead pl-3 pr-3 mb-0\">Tabak Expo 2013 Mosc\u00fa Rusia<\/p>\n\t\t\t\t\t\t\t<\/a>\n\t\t\t\t\t\t<\/div>\n\t\t\t\t\t<\/div>\n\t\t\t\t\t<div class=\"col-sm-4 col-6 mb-5\">\n\t\t\t\t\t\t<div class=\"enmWrap revealR\">\n\t\t\t\t\t\t\t<a href=\"#\" class=\"enmWrapLink\">\n\t\t\t\t\t\t\t\t<img class=\"img-fluid\" src=\"https:\/\/soexdemo.aiolos.solutions\/wp-content\/uploads\/2022\/03\/DSC03740-1.webp\">\n\t\t\t\t\t\t\t\t<p class=\"enmHead pl-3 pr-3 mb-0\">Tabaco Oriente Medio 2012 Dub\u00e1i, Emiratos \u00c1rabes Unidos<\/p>\n\t\t\t\t\t\t\t<\/a>\n\t\t\t\t\t\t<\/div>\n\t\t\t\t\t<\/div>\n\t\t\t\t\t<div class=\"col-sm-4 col-6 mb-5\">\n\t\t\t\t\t\t<div class=\"enmWrap revealR\">\n\t\t\t\t\t\t\t<a href=\"#\" class=\"enmWrapLink\">\n\t\t\t\t\t\t\t\t<img class=\"img-fluid\" src=\"https:\/\/soexdemo.aiolos.solutions\/wp-content\/uploads\/2022\/03\/DSCN0904-1-1.webp\">\n\t\t\t\t\t\t\t\t<p class=\"enmHead pl-3 pr-3 mb-0\">Inter Tabac 2013 Dortmund Alemania<\/p>\n\t\t\t\t\t\t\t<\/a>\n\t\t\t\t\t\t<\/div>\n\t\t\t\t\t<\/div>\n\t\t\t\t\t<div class=\"col-sm-4 col-6 mb-5\">\n\t\t\t\t\t\t<div class=\"enmWrap revealR\">\n\t\t\t\t\t\t\t<a href=\"#\" class=\"enmWrapLink\">\n\t\t\t\t\t\t\t\t<img class=\"img-fluid\" src=\"https:\/\/soexdemo.aiolos.solutions\/wp-content\/uploads\/2022\/03\/DSC01493-2.webp\">\n\t\t\t\t\t\t\t\t<p class=\"enmHead pl-3 pr-3 mb-0\">Inter Tabac 2012 Dortmund Alemania<\/p>\n\t\t\t\t\t\t\t<\/a>\n\t\t\t\t\t\t<\/div>\n\t\t\t\t\t<\/div>\n\t\t\t\t\t<div class=\"col-sm-4 col-6 mb-5\">\n\t\t\t\t\t\t<div class=\"enmWrap revealR\">\n\t\t\t\t\t\t\t<a href=\"#\" class=\"enmWrapLink\">\n\t\t\t\t\t\t\t\t<img class=\"img-fluid\" src=\"https:\/\/soexdemo.aiolos.solutions\/wp-content\/uploads\/2022\/03\/DSC03740-2.webp\">\n\t\t\t\t\t\t\t\t<p class=\"enmHead pl-3 pr-3 mb-0\">Dub\u00e1i 2010 Me<\/p>\n\t\t\t\t\t\t\t<\/a>\n\t\t\t\t\t\t<\/div>\n\t\t\t\t\t<\/div>\n\t\t\t\t\t<div class=\"col-sm-4 col-6 mb-5\">\n\t\t\t\t\t\t<div class=\"enmWrap revealR\">\n\t\t\t\t\t\t\t<a href=\"#\" class=\"enmWrapLink\">\n\t\t\t\t\t\t\t\t<img class=\"img-fluid\" src=\"https:\/\/soexdemo.aiolos.solutions\/wp-content\/uploads\/2022\/03\/DSCN0904-1-2.webp\">\n\t\t\t\t\t\t\t\t<p class=\"enmHead pl-3 pr-3 mb-0\">2010 Hyderabad Mundo Tabaco India<\/p>\n\t\t\t\t\t\t\t<\/a>\n\t\t\t\t\t\t<\/div>\n\t\t\t\t\t<\/div>\n\t\t\t\t\t<div class=\"col-sm-4 col-6 mb-5\">\n\t\t\t\t\t\t<div class=\"enmWrap revealR\">\n\t\t\t\t\t\t\t<a href=\"#\" class=\"enmWrapLink\">\n\t\t\t\t\t\t\t\t<img class=\"img-fluid\" src=\"https:\/\/soexdemo.aiolos.solutions\/wp-content\/uploads\/2022\/03\/DSC01493-3.webp\">\n\t\t\t\t\t\t\t\t<p class=\"enmHead pl-3 pr-3 mb-0\">2008 Macao Mundo Tabaco Am\u00e9rica Latina<\/p>\n\t\t\t\t\t\t\t<\/a>\n\t\t\t\t\t\t<\/div>\n\t\t\t\t\t<\/div>\n\t\t\t\t\t<div class=\"col-sm-4 col-6 mb-5\">\n\t\t\t\t\t\t<div class=\"enmWrap revealR\">\n\t\t\t\t\t\t\t<a href=\"#\" class=\"enmWrapLink\">\n\t\t\t\t\t\t\t\t<img class=\"img-fluid\" src=\"https:\/\/soexdemo.aiolos.solutions\/wp-content\/uploads\/2022\/03\/DSC03740-3.webp\">\n\t\t\t\t\t\t\t\t<p class=\"enmHead pl-3 pr-3 mb-0\">Exposici\u00f3n de Asia del tabaco de Hong Kong 2007 <\/p>\n\t\t\t\t\t\t\t<\/a>\n\t\t\t\t\t\t<\/div>\n\t\t\t\t\t<\/div>\n\t\t\t\t\t<div class=\"col-sm-4 col-6 mb-5\">\n\t\t\t\t\t\t<div class=\"enmWrap revealR\">\n\t\t\t\t\t\t\t<a href=\"#\" class=\"enmWrapLink\">\n\t\t\t\t\t\t\t\t<img class=\"img-fluid\" src=\"https:\/\/soexdemo.aiolos.solutions\/wp-content\/uploads\/2022\/03\/DSCN0904-1-3.webp\">\n\t\t\t\t\t\t\t\t<p class=\"enmHead pl-3 pr-3 mb-0\">2007 Dubai Mundo Tabaco Medio Oriente<\/p>\n\t\t\t\t\t\t\t<\/a>\n\t\t\t\t\t\t<\/div>\n\t\t\t\t\t<\/div>\n\t\t\t\t\t\n\t\t\t\t<\/div>\n\t\t\t<\/div>\n\t\t<\/div>\n\t<\/div>\n<\/section>\n<section class=\"customSection brandBrochureWrap p-0 mb-5\">\n\t<div class=\"container\">\n\t\t<div class=\"row\">\n\t\t\t<div class=\"col-lg-12 col-12 text-center\">\n\t\t\t\t<h1 class=\"brandBrochureHead\" style=\"color: #B5A268;\">\n                        <em>&#8220;EL MUNDO ES NUESTRO MERCADO&#8221;<\/em>\n                    <\/h1>\n\t\t\t\t<a class=\"anchorLink\" data-toggle=\"modal\" data-target=\"#downloadBrochureModal\" href=\"https:\/\/soexdemo.aiolos.solutions\/wp-content\/uploads\/2022\/03\/TheCatalogueCompressLatest.pdf\" download=\"\">Descargar folleto electr\u00f3nico<\/a>\n\t\t\t<\/div>\n\t\t<\/div>\n\t<\/div>\n<\/section>\n<section class=\"sectionform\">\n\t<div class=\"container\">\n\t\t<div class=\"row\">\n\t\t\t<div class=\"col-sm-6 pr-5 col-12\">\n\t\t\t\t<h1 class=\"headingMain\">ENTRA<\/h1>\n\t\t\t\t<h2 class=\"headingSub\">TOCAR <\/h2>\n\t\t\t<\/div>\n\t\t<\/div>\n\t<\/div>\n\t<div class=\"container\">\n\t\t<div class=\"row\">\n\t\t\t<div class=\"col-sm-12\">\n<!-- [wpforms id=\"1040\"] -->\n\t\t\t\t<div role=\"form\" class=\"wpcf7\" id=\"wpcf7-f4280-o1\" lang=\"en-US\" dir=\"ltr\">\n<div class=\"screen-reader-response\"><p role=\"status\" aria-live=\"polite\" aria-atomic=\"true\"><\/p> <ul><\/ul><\/div>\n<form action=\"\/es\/wp-json\/wp\/v2\/pages\/842#wpcf7-f4280-o1\" method=\"post\" class=\"wpcf7-form init\" novalidate=\"novalidate\" data-status=\"init\">\n<div style=\"display: none;\">\n<input type=\"hidden\" name=\"_wpcf7\" value=\"4280\" \/>\n<input type=\"hidden\" name=\"_wpcf7_version\" value=\"5.5.6\" \/>\n<input type=\"hidden\" name=\"_wpcf7_locale\" value=\"en_US\" \/>\n<input type=\"hidden\" name=\"_wpcf7_unit_tag\" value=\"wpcf7-f4280-o1\" \/>\n<input type=\"hidden\" name=\"_wpcf7_container_post\" value=\"0\" \/>\n<input type=\"hidden\" name=\"_wpcf7_posted_data_hash\" value=\"\" \/>\n<\/div>\n<div class=\"row\">\n<div class=\"col-sm-6\">\n<div class=\"\">\n\t\t\t<span class=\"wpcf7-form-control-wrap your-name\"><input type=\"text\" name=\"your-name\" value=\"\" size=\"40\" class=\"wpcf7-form-control wpcf7-text wpcf7-validates-as-required inputItem contactFormInput\" id=\"userName\" aria-required=\"true\" aria-invalid=\"false\" placeholder=\"Introduzca su nombre\" \/><\/span>\n\t\t<\/div>\n<div class=\" mt-3\">\n\t\t\t<span class=\"wpcf7-form-control-wrap your-company-name\"><input type=\"text\" name=\"your-company-name\" value=\"\" size=\"40\" class=\"wpcf7-form-control wpcf7-text wpcf7-validates-as-required inputItem contactFormInput\" id=\"userCompanyName\" aria-required=\"true\" aria-invalid=\"false\" placeholder=\"Ingrese el nombre de su empresa\" \/><\/span>\n\t\t<\/div>\n<div class=\"mt-3 mb-sm-0 mb-3\">\n<span class=\"wpcf7-form-control-wrap phonetext-10\"><input type=\"text\" name=\"phonetext-10\" value=\"+91\" size=\"40\" maxlength=\"15\" minlength=\"10\" class=\"wpcf7-form-control wpcf7-text wpcf7-phonetext wpcf7-validates-as-required inputItem contactFormInput\" id=\"userMobile\" aria-required=\"true\" aria-invalid=\"false\" \/><input type=\"hidden\" name=\"phonetext-10-country-code\" class=\"wpcf7-phonetext-country-code\" \/><\/span>\n\t\t<\/div>\n<\/div>\n<div class=\"col-sm-6\">\n<div class=\"\">\n                 <span class=\"wpcf7-form-control-wrap title\"><input type=\"text\" name=\"title\" value=\"\" size=\"40\" class=\"wpcf7-form-control wpcf7-text wpcf7-validates-as-required inputItem contactFormInput\" id=\"userDesignation\" aria-required=\"true\" aria-invalid=\"false\" placeholder=\"Ingrese su designaci\u00f3n\" \/><\/span><\/div>\n<div class=\"mt-3\">\n<span class=\"wpcf7-form-control-wrap your-email\"><input type=\"email\" name=\"your-email\" value=\"\" size=\"40\" class=\"wpcf7-form-control wpcf7-text wpcf7-email wpcf7-validates-as-required wpcf7-validates-as-email inputItem contactFormInput\" id=\"userEmail\" aria-required=\"true\" aria-invalid=\"false\" placeholder=\"Ingrese su ID de correo electr\u00f3nico\" \/><\/span><\/div>\n<div class=\"mt-3 mb-sm-0 mb-3\">\n\t\t<span class=\"wpcf7-form-control-wrap your-message\"><textarea name=\"your-message\" cols=\"40\" rows=\"3\" class=\"wpcf7-form-control wpcf7-textarea wpcf7-validates-as-required inputItem contactFormInput\" id=\"userMessage\" aria-required=\"true\" aria-invalid=\"false\" placeholder=\"Introduzca su mensaje aqu\u00ed...\"><\/textarea><\/span>\n               <\/div>\n<\/div>\n<\/div>\n<div class=\"row\">\n<div class=\"col-sm-6 col-12\">\n<div class=\"mb-3 pl-0 pt-3\">\n               <div id=\"cf7sr-69e4c77312b14\" class=\"cf7sr-g-recaptcha\" data-sitekey=\"6LfMzTkgAAAAADpIdWljd8-QUnQFAEdCdrEwugC1\"><\/div><span class=\"wpcf7-form-control-wrap cf7sr-recaptcha\"><input type=\"hidden\" name=\"cf7sr-recaptcha\" value=\"\" class=\"wpcf7-form-control\"><\/span>\n\t\t<\/div>\n<\/div>\n<\/div>\n<div class=\"row\">\n<div class=\"col-sm-12 mt-5 text-center\">\n\t\t<input type=\"submit\" value=\"Enviar\" class=\"wpcf7-form-control has-spinner wpcf7-submit contactBtn2\" \/><\/p>\n<\/div>\n<\/div>\n<div class=\"wpcf7-response-output\" aria-hidden=\"true\"><\/div><\/form><\/div>\n\t\t\t\t\n\t\t\t<\/div>\n\t\t<\/div>\t\t\n\t<\/div>\t\n<\/section>\n","protected":false},"excerpt":{"rendered":"<p>Datos de muestra, el trabajo de creaci\u00f3n de contenido est\u00e1 en progreso. Datos de muestra, el trabajo de creaci\u00f3n de contenido est\u00e1 en progreso. Datos de muestra, el trabajo de creaci\u00f3n de contenido est\u00e1 en progreso. Datos de muestra, el trabajo de creaci\u00f3n de contenido est\u00e1 en progreso. Datos de muestra, el trabajo de creaci\u00f3n [&hellip;]<\/p>\n","protected":false},"author":1,"featured_media":0,"parent":0,"menu_order":0,"comment_status":"closed","ping_status":"closed","template":"page-templates\/full-width.php","meta":{"inline_featured_image":false},"translation":{"provider":"WPGlobus","version":"2.8.11","language":"es","enabled_languages":["en","es","fr","ru","ar"],"languages":{"en":{"title":true,"content":true,"excerpt":false},"es":{"title":false,"content":true,"excerpt":false},"fr":{"title":true,"content":true,"excerpt":false},"ru":{"title":true,"content":true,"excerpt":false},"ar":{"title":true,"content":true,"excerpt":false}}},"_links":{"self":[{"href":"https:\/\/soexdemo.aiolos.solutions\/es\/wp-json\/wp\/v2\/pages\/842"}],"collection":[{"href":"https:\/\/soexdemo.aiolos.solutions\/es\/wp-json\/wp\/v2\/pages"}],"about":[{"href":"https:\/\/soexdemo.aiolos.solutions\/es\/wp-json\/wp\/v2\/types\/page"}],"author":[{"embeddable":true,"href":"https:\/\/soexdemo.aiolos.solutions\/es\/wp-json\/wp\/v2\/users\/1"}],"replies":[{"embeddable":true,"href":"https:\/\/soexdemo.aiolos.solutions\/es\/wp-json\/wp\/v2\/comments?post=842"}],"version-history":[{"count":83,"href":"https:\/\/soexdemo.aiolos.solutions\/es\/wp-json\/wp\/v2\/pages\/842\/revisions"}],"predecessor-version":[{"id":4757,"href":"https:\/\/soexdemo.aiolos.solutions\/es\/wp-json\/wp\/v2\/pages\/842\/revisions\/4757"}],"wp:attachment":[{"href":"https:\/\/soexdemo.aiolos.solutions\/es\/wp-json\/wp\/v2\/media?parent=842"}],"curies":[{"name":"wp","href":"https:\/\/api.w.org\/{rel}","templated":true}]}}