{"id":13,"date":"2022-02-18T04:29:14","date_gmt":"2022-02-18T04:29:14","guid":{"rendered":"http:\/\/soex\/?page_id=13"},"modified":"2022-06-17T10:28:16","modified_gmt":"2022-06-17T10:28:16","slug":"about","status":"publish","type":"page","link":"https:\/\/soexdemo.aiolos.solutions\/fr\/about\/","title":{"rendered":"\u00c0 propos de nous"},"content":{"rendered":"\n<section class=\"customSection p-0 m-0\" id=\"gAboutHead\">\n\t<img class=\"img-fluid aboutBgAbsl\" width=\"100%\" src=\"https:\/\/soexdemo.aiolos.solutions\/wp-content\/uploads\/2022\/03\/factory-1.webp\">\t\n\t<div class=\"themeWraps\" id=\"gtAboutHeader\">\n\t\t<div class=\"container\">\n\t\t\t<div class=\"row align-items-center\">\n\t\t\t\t<div class=\"col-sm-6 col-6 \">\n\t\t\t\t\t<h4 class=\"aboutHeading2\">Sopariwala Exports<\/h4>\n\t\t\t\t\t<h4 class=\"aboutHeading\">Leaders mondiaux des exportations de tabac<\/h4>\n\t\t\t\t\t<h4 class=\"aboutHeading2 mt-5\"><i>&#8220;L&#8217;artisanat par excellence&#8221; depuis 1927<\/i><\/h4>\n\t\t\t\t<\/div>\n\t\t\t\t<div class=\"col-sm-6 col-6 mt-3 text-center\">\n\t\t\t\t\t<img loading=\"lazy\" class=\"img-fluid mt-sm-5\" width=\"453px\" height=\"432px\" src=\"https:\/\/soexdemo.aiolos.solutions\/wp-content\/uploads\/2022\/04\/Vikram-Bawa_20180316_1278_Sopariwala-2.webp\">\n\t\t\t\t<\/div>\n\t\t\t<\/div>\n\t\t<\/div>\n\t<\/div>\n<\/section>\n\n<section class=\"aboutSection mb-0\" id=\"gAboutCount\">\n\t<div class=\"container aboutNumBg\">\n\t\t<div class=\"row mt-5\">\n\t\t\t<div class=\"col-sm-3 col-6 mb-5\">\n\t\t\t\t<h1 class=\"aboutHeading text-center\">95+<\/h1>\n\t\t\t\t<h4 class=\"aboutHeading2 font-weight-normal text-center\"><b>Ann\u00e9es<\/b><\/h4>\n\t\t\t<\/div>\n\t\t\t<div class=\"col-sm-3 col-6 mb-5\">\n\t\t\t\t<h1 class=\"aboutHeading text-center\">1000+<\/h1>\n\t\t\t\t<h4 class=\"aboutHeading2 font-weight-normal text-center\"><b>Clients<\/b><\/h4>\n\t\t\t<\/div>\n\t\t\t<div class=\"col-sm-3 col-6 mb-5\">\n\t\t\t\t<h1 class=\"aboutHeading text-center\">75+<\/h1>\n\t\t\t\t<h4 class=\"aboutHeading2 font-weight-normal text-center\"><b>Des Pays<\/b><\/h4>\n\t\t\t<\/div>\n\t\t\t<div class=\"col-sm-3 col-6 mb-5\">\n\t\t\t\t<h1 class=\"aboutHeading text-center\">500+<\/h1>\n\t\t\t\t<h4 class=\"aboutHeading2 font-weight-normal text-center\"><b>Des Employ\u00e9s<\/b><\/h4>\n\t\t\t<\/div>\n\t\t<\/div>\n\t<\/div>\n<\/section>\n\n<section class=\"aboutSection aboutLeftBg1 mt-lg-5 pt-lg-5 pt-0 pb-0\" id=\"gAboutLegacy\">\n\t<div class=\"container\">\n\t\t\n\t\t<div class=\"row\">\n\t\t\t<div class=\"offset-lg-7 col-lg-5\">\t\t\t\t    \n\t\t\t\t<div class=\"backRight backRightAniLeft\">&nbsp;<\/div>\n\t\t\t\t<div class=\"revealL text-left\" style=\"width:100%;position:relative;\">\n\t\t\t\t\t<h1 class=\"headingMain\">NOTRE<\/h1>\n\t\t\t\t\t<h2 class=\"headingSub\">H\u00c9RITAGE <\/h2>\n\t\t\t\t\t<img class=\"img-fluid mobileViewOnly mb-5\" src=\"https:\/\/soexdemo.aiolos.solutions\/wp-content\/uploads\/2022\/06\/our-legacy-mobile.webp\">\n\t\t\t\t\t<p class=\"homePara mb-2 text-left\">\n\t\t\t\t\t\t<b style=\"font-size: 19px; color: #B5A268;\">Le parcours remarquable de cette entreprise mondiale a commenc\u00e9 dans le Jacob Circle du sud de Mumbai, dans l&#8217;Inde d&#8217;avant l&#8217;ind\u00e9pendance, vers 1927.<\/b>\n\n\t\t\t\t\t<\/p>\n\t\t\t\t\t<!-- <p class=\"aboutPara text-left pr-sm-5 mb-3\">\n\t\t\t\t\t\t<strong>\n\t\t\t\t\t\t\tThe remarkable journey of this global enterprise began in South Mumbai\u2019s Jacob Circle in pre-independence India circa 1927. \n\t\t\t\t\t\t<\/strong>\n\t\t\t\t\t<\/p> -->\n\t\t\t\t\t<p class=\"homePara text-left pr-sm-5\">\n\t\t\t\t\t\tUn engagement in\u00e9branlable envers la qualit\u00e9 et un d\u00e9vouement in\u00e9branlable \u00e0 l&#8217;artisanat de classe mondiale ont propuls\u00e9 l&#8217;ascension du groupe Fazlani aux plus hauts \u00e9chelons de direction des fabricants de tabac \u00e0 travers le monde.\n                        <br>\n                        Nous sommes une entreprise socialement responsable et participons activement aux efforts de construction de la soci\u00e9t\u00e9 et de la nation.\n\n\t\t\t\t\t<\/p>\n\t\t\t\t<\/div>\n\t\t\t<\/div>\n\t\t<\/div>\n\t<\/div>\n<\/section>\n\n<section class=\"aboutSection aboutRightBg1 pt-0 mb-0 pt-lg-5\" id=\"gAboutPromise\">\n\t<div class=\"container\">\n\t\t<div class=\"row\">\n\t\t\t<div class=\"col-lg-5 col-12\">\n\t\t\t\t<div class=\"backRight backRightAniRight\">&nbsp;<\/div>\n\t\t\t\t<div class=\"revealR\">\n\t\t\t\t\t<h1 class=\"headingMain\">NOTRE <\/h1>\n\t\t\t\t\t<h2 class=\"headingSub\">PROMETTRE <\/h2>\n\t\t\t\t\t<img class=\"img-fluid mobileViewOnly mb-5\" src=\"https:\/\/soexdemo.aiolos.solutions\/wp-content\/uploads\/2022\/06\/our-promic-mobile.webp\">\n\t\t\t\t\n\t\t\t\t\t<ul class=\"aboutListData\">\n\t\t\t\t\t\t<li style=\"font-size:18px;line-height:30px\">&#8220;Lorsque la <span><b style=\"font-size: 19px\">Vision est claire<\/b><\/span> et que la <span><b style=\"font-size: 19px\">Direction est nette,<\/b><\/span>\n                            La pers\u00e9v\u00e9rance produira son fruit le plus doux &#8211; le &#8211; <span><b style=\"font-size: 19px\">SUCC\u00c8S !<\/b><\/span>&#8220;<br>\n                            <i style=\"font-size:16px;margin-top:10px;\"> <b>&#8211; Dr. Abdul Kader Fazlani, pr\u00e9sident du groupe<\/b><\/i>\n                        <\/li>\n\t\t\t\t\t\t<li>Notre promesse est ancr\u00e9e dans la philosophie de la poursuite de l&#8217;excellence. Nous nous engageons \u00e0 fournir une innovation de produit coh\u00e9rente qui offre une exp\u00e9rience client exceptionnelle.<\/li>\n\t\t\t\t\t\t<li>Notre principal effort en recherche et d\u00e9veloppement sera de cr\u00e9er des exp\u00e9riences de produits uniques et diff\u00e9renci\u00e9es pour notre client\u00e8le mondiale.<\/li>\n\t\t\t\t\t\t<li>Nous nous engageons \u00e0 respecter les normes les plus \u00e9lev\u00e9es en mati\u00e8re de gouvernance d&#8217;entreprise, de responsabilit\u00e9 sociale et de durabilit\u00e9 environnementale. Nous sommes un employeur de l&#8217;\u00e9galit\u00e9 des chances et restons d\u00e9vou\u00e9s aux efforts d&#8217;\u00e9dification de la nation.<\/li>\n\t\t\t\t\t\t\n\t\t\t\t\t<\/ul>\n\t\t\t\t<\/div>\n\t\t\t<\/div>\n\t\t<\/div>\n\t<\/div>\t\t\t\n<\/section>\n\n<section class=\"aboutSection aboutDirt\" id=\"gAboutDirectors\">\n\t<div class=\"container revealR\">\n\t\t<div class=\"row align-items-center\">\n\t\t\t<div class=\"col-lg-6 col-12 text-center\">\n\t\t\t\t<img class=\"img-fluid\" src=\"https:\/\/soexdemo.aiolos.solutions\/wp-content\/uploads\/2022\/04\/Board-of-Directors-copy-1.webp\">\n\t\t\t<\/div>\n\t\t\t<div class=\"col-lg-6 col-12 mt-5 mt-lg-0\">\n\t\t\t\t<h1 class=\"headingMain\">CONSEIL D<\/h1>\n\t\t\t\t<h2 class=\"headingSub\">ADMINISTRATEURS <\/h2>\t\t\t\t\n\t\t\t\t<p class=\"homePara mb-2 text-center text-lg-left\">\n\t\t\t\t\t<\/p><p class=\"aboutPara mb-3\">\n\t\t\t\t\t\t<strong>\n\t\t\t\t\t\t\t<i>Le succ\u00e8s mondial de Sopariwala Exports est un t\u00e9moignage brillant du sens aigu des affaires de notre distingu\u00e9 conseil d&#8217;administration.<\/i> \n\t\t\t\t\t\t<\/strong>\n\t\t\t\t\t<\/p>\n\t\t\t\t<p><\/p>\n\t\t\t\t<p class=\"homePara\">Sous la direction du Dr Abdul Kader Fazlani, notre pr\u00e9sident de groupe, Sopariwala Exports a atteint la distinction d&#8217;\u00eatre l&#8217;une des entreprises de tabac les plus respect\u00e9es au monde !<\/p>\n\t\t\t\t<p class=\"homePara\">L&#8217;\u00e9quipe de direction de Sopariwala Exports s&#8217;engage sans rel\u00e2che \u00e0 innover dans le domaine de la production, de la transformation et des produits finis du tabac. L&#8217;accent mis sur l&#8217;orientation client circule de haut en bas des salles de r\u00e9union aux fermes et c&#8217;est cette culture d&#8217;entreprise qui a conduit au leadership mondial en mati\u00e8re de qualit\u00e9 des produits et de service client !<\/p>\n\t\t\t\t\n\t\t\t<\/div>\n\t\t<\/div>\n\t<\/div>\n<\/section>\n\n<section class=\"aboutSection aboutRightBg2 mb-0 pt-0\" id=\"gAboutApproach\">\n\t<div class=\"container\">\n\t\t<div class=\"row\">\n\t\t\t<div class=\"col-lg-5 col-12\">\t\t\t\t\n\t\t\t\t<div class=\"revealR\">\n\t\t\t\t\t\t\t\t\t\t\t\t\t\t  \n\t\t\t\t\t<h1 class=\"headingMain\">NOTRE<\/h1>\n\t\t\t\t\t<h2 class=\"headingSub\">APPROCHER <\/h2>\n\t\t\t\t\t<img class=\"img-fluid mobileViewOnly mb-5\" src=\"https:\/\/soexdemo.aiolos.solutions\/wp-content\/uploads\/2022\/06\/the-approch-mobile.webp\">\n\t\t\t\t\t\t\t\t\t\n\t\t\t\t\t<p class=\"homePara mb-2 text-left\">\n\t\t\t\t\t\tNous sommes une organisation ax\u00e9e sur la qualit\u00e9, obs\u00e9d\u00e9e par le client et centr\u00e9e sur les employ\u00e9s. Nous sommes fiers d&#8217;\u00eatre une entreprise socialement responsable.\n\t\t\t\t\t<\/p>\t\n\t\t\t\t\t<p class=\"homePara mb-2  text-left\">\n\t\t\t\t\t\t<b style=\"color: #B4A269;  font-size: 19px;\"><i>\u201cLe savoir-faire de l&#8217;ancien et la technologie du nouveau &#8211; le meilleur des deux mondes\u201d<\/i><\/b>\n\n\t\t\t\t\t<\/p>\n\t\t\t\t\t<p class=\"homePara text-left\">\n\t\t\t\t\t\tChez Sopariwala Exports, nous avons conserv\u00e9 l&#8217;art ancien de la \u201cm\u00e9thode de cueillette \u00e0 la main\u201d tout en introduisant des innovations telles que la premi\u00e8re \u2018Usine de Re-s\u00e9chage Compl\u00e8te\u2019. Tous les processus tels que le tri, le s\u00e9chage, le nettoyage et l&#8217;emballage sont ex\u00e9cut\u00e9s sous un m\u00eame toit. Des processus de qualit\u00e9 dans l&#8217;agriculture, l&#8217;approvisionnement et la transformation garantissent que nous fournissons constamment des produits de haute qualit\u00e9 \u00e0 nos clients.\n\t\t\t\t\t<\/p>\n\t\t\t\t<\/div>\n\t\t\t<\/div>\n\t\t<\/div>\t\t\t\t\n\t<\/div>\n<\/section>\n\n<section class=\"aboutSection aboutDirt mt-5 mb-5 pt-3 pb-5\" id=\"gAboutAwards\">\n\t<div class=\"container\">\n\t\t<div class=\"row flex-column-reverse flex-sm-row align-items-center\">\n\t\t\t<div class=\"col-lg-5 pr-lg-5 col-12 text-center\">\n\t\t\t\t<div class='white' style='background:rgba(0,0,0,0); border:solid 0px rgba(0,0,0,0); border-radius:0px; padding:0px 0px 0px 0px;'>\n<div id='slider_4235' class='owl-carousel sa_owl_theme autohide-arrows' data-slider-id='slider_4235' style=''>\n<div id='slider_4235_slide01' class='sa_hover_container' style='padding:0% 0%; margin:0px 0%; '><p><img class=\"img-fluid mt-5\" src=\"https:\/\/soexdemo.aiolos.solutions\/wp-content\/uploads\/2022\/04\/award-1-1.webp\" alt=\"#\" \/><\/p>\r\n<div class=\"awardTitle pl-sm-5 pr-sm-5\">Prix \u200b\u200bdu 2e meilleur exportateur de la cat\u00e9gorie des fabricants de tabac non fabriqu\u00e9s 2003<\/div><\/div>\n<div id='slider_4235_slide02' class='sa_hover_container' style='padding:0% 0%; margin:0px 0%; '><img class=\"img-fluid mt-5\" src=\"https:\/\/soexdemo.aiolos.solutions\/wp-content\/uploads\/2022\/04\/award-2.webp\" alt=\"#\" \/>\r\n<div class=\"awardTitle pl-sm-5 pr-sm-5\">\r\n\tPrix \u200b\u200bdu gouvernement du Maharashtra 90 91  \r\n<\/div><\/div>\n<div id='slider_4235_slide03' class='sa_hover_container' style='padding:0% 0%; margin:0px 0%; '><img class=\"img-fluid mt-5\" src=\"https:\/\/soexdemo.aiolos.solutions\/wp-content\/uploads\/2022\/04\/award-3.webp\" alt=\"#\" \/>\r\n<div class=\"awardTitle pl-sm-5 pr-sm-5\">\r\n\tR\u00e9compense du Tobacco Board of India 2e meilleur exportateur de produits du tabac 2003\r\n<\/div><\/div>\n<div id='slider_4235_slide04' class='sa_hover_container' style='padding:0% 0%; margin:0px 0%; '><img class=\"img-fluid mt-5\" src=\"https:\/\/soexdemo.aiolos.solutions\/wp-content\/uploads\/2022\/04\/award-4.webp\" alt=\"#\" \/>\r\n<div class=\"awardTitle pl-sm-5 pr-sm-5\">\r\n\tPrix \u200b\u200bnational d'exportation pour des performances exceptionnelles 1989-1990\r\n<\/div><\/div>\n<div id='slider_4235_slide05' class='sa_hover_container' style='padding:0% 0%; margin:0px 0%; '><img class=\"img-fluid mt-5\" src=\"https:\/\/soexdemo.aiolos.solutions\/wp-content\/uploads\/2022\/04\/award-5.webp\" alt=\"#\" \/>\r\n<div class=\"awardTitle pl-sm-5 pr-sm-5\">\r\n\tPrix \u200b\u200bnational pour la performance exceptionnelle des exportations 1982-1983\r\n<\/div><\/div>\n<div id='slider_4235_slide06' class='sa_hover_container' style='padding:0% 0%; margin:0px 0%; '><img class=\"img-fluid mt-5\" src=\"https:\/\/soexdemo.aiolos.solutions\/wp-content\/uploads\/2022\/04\/award-6.webp\" alt=\"#\" \/>\r\n<div class=\"awardTitle pl-sm-5 pr-sm-5\">\r\n\tR\u00e9compense Gujarat State Export Award 86-87 \u00e0 90 91\r\n<\/div><\/div>\n<div id='slider_4235_slide07' class='sa_hover_container' style='padding:0% 0%; margin:0px 0%; '><img class=\"img-fluid mt-5\" src=\"https:\/\/soexdemo.aiolos.solutions\/wp-content\/uploads\/2022\/04\/award-7.webp\" alt=\"#\" \/>\r\n<div class=\"awardTitle pl-sm-5 pr-sm-5\">\r\n\tR\u00e9compense Gujarat State Export 93 94\r\n<\/div><\/div>\n<\/div>\n<\/div>\n<script type='text\/javascript'>\n\tdocument.addEventListener('DOMContentLoaded', function() {\n\t\tjQuery('#slider_4235').owlCarousel({\n\t\t\titems : 1,\n\t\t\tsmartSpeed : 200,\n\t\t\tautoplay : true,\n\t\t\tautoplayTimeout : 2000,\n\t\t\tautoplayHoverPause : true,\n\t\t\tsmartSpeed : 200,\n\t\t\tfluidSpeed : 200,\n\t\t\tautoplaySpeed : 200,\n\t\t\tnavSpeed : 200,\n\t\t\tdotsSpeed : 200,\n\t\t\tloop : true,\n\t\t\tnav : true,\n\t\t\tnavText : ['Previous','Next'],\n\t\t\tdots : false,\n\t\t\tresponsiveRefreshRate : 200,\n\t\t\tslideBy : 1,\n\t\t\tmergeFit : true,\n\t\t\tautoHeight : false,\n\t\t\tmouseDrag : true,\n\t\t\ttouchDrag : true\n\t\t});\n\t\tsa_resize_slider_4235();\n\t\twindow.addEventListener('resize', sa_resize_slider_4235);\n\t\tfunction sa_resize_slider_4235() {\n\t\t\tvar min_height = '60';\n\t\t\tvar win_width = jQuery(window).width();\n\t\t\tvar slider_width = jQuery('#slider_4235').width();\n\t\t\tif (win_width < 480) {\n\t\t\t\tvar slide_width = slider_width \/ 1;\n\t\t\t} else if (win_width < 768) {\n\t\t\t\tvar slide_width = slider_width \/ 1;\n\t\t\t} else if (win_width < 980) {\n\t\t\t\tvar slide_width = slider_width \/ 1;\n\t\t\t} else if (win_width < 1200) {\n\t\t\t\tvar slide_width = slider_width \/ 1;\n\t\t\t} else if (win_width < 1500) {\n\t\t\t\tvar slide_width = slider_width \/ 1;\n\t\t\t} else {\n\t\t\t\tvar slide_width = slider_width \/ 1;\n\t\t\t}\n\t\t\tslide_width = Math.round(slide_width);\n\t\t\tvar slide_height = '0';\n\t\t\tif (min_height == 'aspect43') {\n\t\t\t\tslide_height = (slide_width \/ 4) * 3;\t\t\t\tslide_height = Math.round(slide_height);\n\t\t\t} else if (min_height == 'aspect169') {\n\t\t\t\tslide_height = (slide_width \/ 16) * 9;\t\t\t\tslide_height = Math.round(slide_height);\n\t\t\t} else {\n\t\t\t\tslide_height = (slide_width \/ 100) * min_height;\t\t\t\tslide_height = Math.round(slide_height);\n\t\t\t}\n\t\t\tjQuery('#slider_4235 .owl-item .sa_hover_container').css('min-height', slide_height+'px');\n\t\t}\n\t\tvar owl_goto = jQuery('#slider_4235');\n\t\tjQuery('.slider_4235_goto1').click(function(event){\n\t\t\towl_goto.trigger('to.owl.carousel', 0);\n\t\t});\n\t\tjQuery('.slider_4235_goto2').click(function(event){\n\t\t\towl_goto.trigger('to.owl.carousel', 1);\n\t\t});\n\t\tjQuery('.slider_4235_goto3').click(function(event){\n\t\t\towl_goto.trigger('to.owl.carousel', 2);\n\t\t});\n\t\tjQuery('.slider_4235_goto4').click(function(event){\n\t\t\towl_goto.trigger('to.owl.carousel', 3);\n\t\t});\n\t\tjQuery('.slider_4235_goto5').click(function(event){\n\t\t\towl_goto.trigger('to.owl.carousel', 4);\n\t\t});\n\t\tjQuery('.slider_4235_goto6').click(function(event){\n\t\t\towl_goto.trigger('to.owl.carousel', 5);\n\t\t});\n\t\tjQuery('.slider_4235_goto7').click(function(event){\n\t\t\towl_goto.trigger('to.owl.carousel', 6);\n\t\t});\n\t\tvar resize_4235 = jQuery('.owl-carousel');\n\t\tresize_4235.on('initialized.owl.carousel', function(e) {\n\t\t\tif (typeof(Event) === 'function') {\n\t\t\t\twindow.dispatchEvent(new Event('resize'));\n\t\t\t} else {\n\t\t\t\tvar evt = window.document.createEvent('UIEvents');\n\t\t\t\tevt.initUIEvent('resize', true, false, window, 0);\n\t\t\t\twindow.dispatchEvent(evt);\n\t\t\t}\n\t\t});\n\t});\n<\/script>\n\n\t\t\t<\/div>\n\t\t\t<div class=\"col-lg-7 col-12 mt-5 mt-lg-0\">\n\t\t\t\t<h2 class=\"headingSub\">PRIX <\/h2>\n\t\t\t\t<div class=\"revealL text-left active\" style=\"width:100%;position:relative\">\t\n\t\t\t\t\t<p class=\"homePara mb-2 pr-lg-5\">\n\t\t\t\t\t\tNotre engagement envers l&#8217;excellence et notre d\u00e9vouement \u00e0 la qualit\u00e9 ont \u00e9t\u00e9 reconnus par le gouvernement indien. Sopariwala Exports a re\u00e7u plus de <span style=\"color:#B4A269;\"><b>40<\/b><\/span> prix nationaux et d&#8217;\u00c9tat prestigieux tels que \u201cPrix national pour les exportations exceptionnelles\u201d et \u201cLes plaques d&#8217;or du gouvernement de l&#8217;\u00c9tat\u201d.\n\t\t\t\t\t<\/p>\n\t\t\t\t\t<p class=\"homePara pr-lg-5\">\n\t\t\t\t\t\tNous sommes une  \u2018maison de commerce\u2019 reconnue par le gouvernement indien et une unit\u00e9 100% orient\u00e9e vers l&#8217;exportation (EOU).\n\t\t\t\t\t<\/p>\n\t\t\t\t<\/div>\n\t\t\t<\/div>\t\t\t\t\t\n\t\t<\/div>\t\n\t<\/div>\n<\/section>\n<section class=\"customSection brandBrochureWrap p-0 mb-5\" id=\"gWordMarket\">\n        <div class=\"container\">\n            <div class=\"row\">\n                <div class=\"col-sm-12 col-12 text-center\">\n                    <h1 class=\"brandBrochureHead\" style=\"color: #B5A268;\">\n                        <em>\u201cLE MONDE EST NOTRE MARCH\u00c9\u201d<\/em>\n                    <\/h1>\n                    <a class=\"anchorLink\" data-toggle=\"modal\" data-target=\"#downloadBrochureModal\" href=\"https:\/\/soexdemo.aiolos.solutions\/wp-content\/uploads\/2022\/03\/TheCatalogueCompressLatest.pdf\" download=\"\">T\u00e9l\u00e9charger la brochure<\/a>\n                <\/div>\n            <\/div>\n        <\/div>\n<\/section>\n<section class=\"sectionform\" id=\"gGetTouch\">\n\t<div class=\"container\">\n\t\t<div class=\"row\">\n\t\t\t<div class=\"col-sm-6 pr-5 col-12\">\n\t\t\t\t<h1 class=\"headingMain\">MONTEZ<\/h1>\n\t\t\t\t<h2 class=\"headingSub\">TOUCHER <\/h2>\n\t\t\t<\/div>\n\t\t<\/div>\n\t<\/div>\n\t<div class=\"container\">\n\t\t<div class=\"row\">\n\t\t\t<div class=\"col-sm-12\">\n<!-- [wpforms id=\"1040\"] -->\n\t\t\t\t<div role=\"form\" class=\"wpcf7\" id=\"wpcf7-f4288-o1\" lang=\"en-US\" dir=\"ltr\">\n<div class=\"screen-reader-response\"><p role=\"status\" aria-live=\"polite\" aria-atomic=\"true\"><\/p> <ul><\/ul><\/div>\n<form action=\"\/fr\/wp-json\/wp\/v2\/pages\/13#wpcf7-f4288-o1\" method=\"post\" class=\"wpcf7-form init\" novalidate=\"novalidate\" data-status=\"init\">\n<div style=\"display: none;\">\n<input type=\"hidden\" name=\"_wpcf7\" value=\"4288\" \/>\n<input type=\"hidden\" name=\"_wpcf7_version\" value=\"5.5.6\" \/>\n<input type=\"hidden\" name=\"_wpcf7_locale\" value=\"en_US\" \/>\n<input type=\"hidden\" name=\"_wpcf7_unit_tag\" value=\"wpcf7-f4288-o1\" \/>\n<input type=\"hidden\" name=\"_wpcf7_container_post\" value=\"0\" \/>\n<input type=\"hidden\" name=\"_wpcf7_posted_data_hash\" value=\"\" \/>\n<\/div>\n<div class=\"row\">\n<div class=\"col-sm-6\">\n<div class=\"\">\n\t\t\t<span class=\"wpcf7-form-control-wrap your-name\"><input type=\"text\" name=\"your-name\" value=\"\" size=\"40\" class=\"wpcf7-form-control wpcf7-text wpcf7-validates-as-required inputItem contactFormInput\" id=\"userName\" aria-required=\"true\" aria-invalid=\"false\" placeholder=\"Entrez votre nom\" \/><\/span>\n\t\t<\/div>\n<div class=\" mt-3\">\n\t\t\t<span class=\"wpcf7-form-control-wrap your-company-name\"><input type=\"text\" name=\"your-company-name\" value=\"\" size=\"40\" class=\"wpcf7-form-control wpcf7-text wpcf7-validates-as-required inputItem contactFormInput\" id=\"userCompanyName\" aria-required=\"true\" aria-invalid=\"false\" placeholder=\"Entrez le nom de votre entreprise\" \/><\/span>\n\t\t<\/div>\n<div class=\"mt-3 mb-sm-0 mb-3\">\n<span class=\"wpcf7-form-control-wrap phonetext-10\"><input type=\"text\" name=\"phonetext-10\" value=\"+91\" size=\"40\" maxlength=\"15\" minlength=\"10\" class=\"wpcf7-form-control wpcf7-text wpcf7-phonetext wpcf7-validates-as-required inputItem contactFormInput\" id=\"userMobile\" aria-required=\"true\" aria-invalid=\"false\" \/><input type=\"hidden\" name=\"phonetext-10-country-code\" class=\"wpcf7-phonetext-country-code\" \/><\/span>\n\t\t<\/div>\n<\/div>\n<div class=\"col-sm-6\">\n<div class=\"\">\n                 <span class=\"wpcf7-form-control-wrap title\"><input type=\"text\" name=\"title\" value=\"\" size=\"40\" class=\"wpcf7-form-control wpcf7-text wpcf7-validates-as-required inputItem contactFormInput\" id=\"userDesignation\" aria-required=\"true\" aria-invalid=\"false\" placeholder=\"Entrez votre d\u00e9signation\" \/><\/span><\/div>\n<div class=\"mt-3\">\n<span class=\"wpcf7-form-control-wrap your-email\"><input type=\"email\" name=\"your-email\" value=\"\" size=\"40\" class=\"wpcf7-form-control wpcf7-text wpcf7-email wpcf7-validates-as-required wpcf7-validates-as-email inputItem contactFormInput\" id=\"userEmail\" aria-required=\"true\" aria-invalid=\"false\" placeholder=\"Entrez votre identifiant de messagerie\" \/><\/span><\/div>\n<div class=\"mt-3 mb-sm-0 mb-3\">\n\t\t<span class=\"wpcf7-form-control-wrap your-message\"><textarea name=\"your-message\" cols=\"40\" rows=\"3\" class=\"wpcf7-form-control wpcf7-textarea wpcf7-validates-as-required inputItem contactFormInput\" id=\"userMessage\" aria-required=\"true\" aria-invalid=\"false\" placeholder=\"Entrez votre message ici...\"><\/textarea><\/span>\n               <\/div>\n<\/div>\n<\/div>\n<div class=\"row\">\n<div class=\"col-sm-6 col-12\">\n<div class=\"mb-3 pl-0 pt-3\">\n               <div id=\"cf7sr-69e4c4a12d524\" class=\"cf7sr-g-recaptcha\" data-sitekey=\"6LfMzTkgAAAAADpIdWljd8-QUnQFAEdCdrEwugC1\"><\/div><span class=\"wpcf7-form-control-wrap cf7sr-recaptcha\"><input type=\"hidden\" name=\"cf7sr-recaptcha\" value=\"\" class=\"wpcf7-form-control\"><\/span>\n\t\t<\/div>\n<\/div>\n<\/div>\n<div class=\"row\">\n<div class=\"col-sm-12 mt-5 text-center\">\n\t\t<input type=\"submit\" value=\"Soumettre\" class=\"wpcf7-form-control has-spinner wpcf7-submit contactBtn2\" \/><\/p>\n<\/div>\n<\/div>\n<div class=\"wpcf7-response-output\" aria-hidden=\"true\"><\/div><\/form><\/div>\n\t\t\t\t\n\t\t\t<\/div>\n\t\t<\/div>\t\t\n\t<\/div>\t\n<\/section>\n","protected":false},"excerpt":{"rendered":"<p>Sopariwala Exports Leaders mondiaux des exportations de tabac &#8220;L&#8217;artisanat par excellence&#8221; depuis 1927 95+ Ann\u00e9es 1000+ Clients 75+ Des Pays 500+ Des Employ\u00e9s &nbsp; NOTRE H\u00c9RITAGE Le parcours remarquable de cette entreprise mondiale a commenc\u00e9 dans le Jacob Circle du sud de Mumbai, dans l&#8217;Inde d&#8217;avant l&#8217;ind\u00e9pendance, vers 1927. Un engagement in\u00e9branlable envers la qualit\u00e9 [&hellip;]<\/p>\n","protected":false},"author":1,"featured_media":0,"parent":0,"menu_order":0,"comment_status":"closed","ping_status":"closed","template":"page-templates\/full-width.php","meta":{"inline_featured_image":false},"translation":{"provider":"WPGlobus","version":"2.8.11","language":"fr","enabled_languages":["en","es","fr","ru","ar"],"languages":{"en":{"title":true,"content":true,"excerpt":false},"es":{"title":true,"content":true,"excerpt":false},"fr":{"title":true,"content":true,"excerpt":false},"ru":{"title":true,"content":true,"excerpt":false},"ar":{"title":true,"content":true,"excerpt":false}}},"_links":{"self":[{"href":"https:\/\/soexdemo.aiolos.solutions\/fr\/wp-json\/wp\/v2\/pages\/13"}],"collection":[{"href":"https:\/\/soexdemo.aiolos.solutions\/fr\/wp-json\/wp\/v2\/pages"}],"about":[{"href":"https:\/\/soexdemo.aiolos.solutions\/fr\/wp-json\/wp\/v2\/types\/page"}],"author":[{"embeddable":true,"href":"https:\/\/soexdemo.aiolos.solutions\/fr\/wp-json\/wp\/v2\/users\/1"}],"replies":[{"embeddable":true,"href":"https:\/\/soexdemo.aiolos.solutions\/fr\/wp-json\/wp\/v2\/comments?post=13"}],"version-history":[{"count":416,"href":"https:\/\/soexdemo.aiolos.solutions\/fr\/wp-json\/wp\/v2\/pages\/13\/revisions"}],"predecessor-version":[{"id":4755,"href":"https:\/\/soexdemo.aiolos.solutions\/fr\/wp-json\/wp\/v2\/pages\/13\/revisions\/4755"}],"wp:attachment":[{"href":"https:\/\/soexdemo.aiolos.solutions\/fr\/wp-json\/wp\/v2\/media?parent=13"}],"curies":[{"name":"wp","href":"https:\/\/api.w.org\/{rel}","templated":true}]}}