{"id":1660,"date":"2022-03-03T08:40:01","date_gmt":"2022-03-03T08:40:01","guid":{"rendered":"https:\/\/soexdemo.aiolos.solutions\/?page_id=1660"},"modified":"2022-06-17T10:36:42","modified_gmt":"2022-06-17T10:36:42","slug":"black-master-details","status":"publish","type":"page","link":"https:\/\/soexdemo.aiolos.solutions\/fr\/brands\/black-master-details\/","title":{"rendered":"Black Master D\u00e9tails"},"content":{"rendered":"\n<section class=\"customSection brandMasterMobileSpace p-0 m-0\" id=\"blackMasterShowcase\">\n\t<img class=\"img-fluid brandDetailsSliderBg\" width=\"100%\" src=\"https:\/\/soexdemo.aiolos.solutions\/wp-content\/uploads\/2022\/04\/black_master_bg2.webp\">\n\t<div class=\"brandDetailsSlider\">\n\t\t<div class=\"container\">\n\t\t\t<div class=\"brandDetSlideMt\">&nbsp;<\/div>\n\t\t\t<div class=\"row flex-column-reverse flex-sm-row align-items-center\">\n\t\t\t\t<div class=\"col-sm-3 col-12 align-self-center\">\n\t\t\t\t\t<div class=\"row\">\n\t\t\t\t\t\t<div class=\"col-12 text-center\">\n\t\t\t\t\t\t\t<img class=\"img-fluid brandDetailsMSText mb-3\" src=\"https:\/\/soexdemo.aiolos.solutions\/wp-content\/uploads\/2022\/03\/blmnaster.webp\">\n\t\t\t\t\t\t<\/div>\n\t\t\t\t\t<\/div>\n\t\t\t\t\t<div class=\"row\">\n\t\t\t\t\t\t<div class=\"col-12 text-center\">\n\t\t\t\t\t\t\t<h3 class=\"brandDetailSlideHeading\">Cigarillo PREMIUM<\/h3>\n\t\t\t\t\t\t<\/div>\n\t\t\t\t\t<\/div>\t\t\t\n\t\t\t\t<\/div>\n\t\t\t\t<div class=\"col-sm-9 col-12 text-right\">\n\t\t\t\t\t<img loading=\"lazy\" class=\"img-fluid\" width=\"100%\" height=\"100%\" src=\"https:\/\/soexdemo.aiolos.solutions\/wp-content\/uploads\/2022\/03\/blmaster.webp\">\n\t\t\t\t<\/div>\n\t\t\t<\/div>\n\t\t<\/div>\n\t<\/div>\n<\/section>\n\n<section class=\"sectionBrandDetails\">\n\t<div class=\"container\">\n\t\t<div class=\"row\">\n\t\t\t<div class=\"col-sm-12 col-12\">\n\t\t\t\t<div class=\"brandDetailPara\">\n\t\t\t\t\tD\u00e9couvrez la royaut\u00e9 d&#8217;un cigare et la douceur d&#8217;une cigarette fabriqu\u00e9es ensemble dans un authentique cigarillo.<br>\n\t\t\t\t\tDes petits cigarillos haut de gamme d\u00e9licieusement roul\u00e9s envelopp\u00e9s dans du papier tabac de qualit\u00e9 pour le ma\u00eetre du noir. Petits cigares de luxe pour sommeliers de cigares.<br>\n\t\t\t\t<\/div>\n\t\t\t<\/div>\n\t\t<\/div>\n\t\t<div class=\"row flex-column-reverse flex-sm-row\">\n\t\t\t<div class=\"col-sm-5 text-center text-sm-left align-self-center revealR\">\t\n\t\t\t\t<img class=\"img-fluid brandLogoMargin\" src=\"https:\/\/soexdemo.aiolos.solutions\/wp-content\/uploads\/2022\/03\/blkmaster-da.webp\">\n\t\t\t\t<p class=\"brandDetailPara2 text-center mt-2\">100 MM<\/p>\n\t\t\t\t<img class=\"img-fluid\" src=\"https:\/\/soexdemo.aiolos.solutions\/wp-content\/uploads\/2022\/03\/Blackmaste1-1.webp\">\n\t\t\t\t<p class=\"brandDetailPara2 mt-5\">SAVEUR : DOUBLE POMME<\/p>\n\t\t\t<\/div>\n\t\t\t<div class=\"col-sm-7\">\n\t\t\t\t<div class=\"revealL\" style=\"width:100%;position:relative;\">\n\t\t\t\t\t<img class=\"img-fluid\" src=\"https:\/\/soexdemo.aiolos.solutions\/wp-content\/uploads\/2022\/03\/Blackmaster_doubleapple.webp\">\t\t\t\t\t\n\t\t\t\t<\/div>\n\t\t\t<\/div>\n\t\t<\/div>\n\t\t\n\t<\/div>\n<\/section>\n\n<section class=\"sectionBrandDetails\">\n\t<div class=\"container\">\n\t\t<div class=\"row flex-column-reverse flex-sm-row\">\n\t\t\t<div class=\"col-sm-5 text-center text-sm-left align-self-center revealR\">\t\t\t\t\n\t\t\t\t<img class=\"img-fluid brandLogoMargin\" src=\"https:\/\/soexdemo.aiolos.solutions\/wp-content\/uploads\/2022\/03\/blkmaster-c.webp\">\n\t\t\t\t<p class=\"brandDetailPara2 text-center mt-2\">100 MM<\/p>\n\t\t\t\t<img class=\"img-fluid\" src=\"https:\/\/soexdemo.aiolos.solutions\/wp-content\/uploads\/2022\/03\/Blackmaste1-1.webp\">\n\t\t\t\t<p class=\"brandDetailPara2 mt-5\">SAVEUR : CHOCOLAT<\/p>\n\t\t\t<\/div>\n\t\t\t<div class=\"col-sm-7\">\n\t\t\t\t<div class=\"revealL\" style=\"width:100%;position:relative;\">\n\t\t\t\t\t<img class=\"img-fluid\" src=\"https:\/\/soexdemo.aiolos.solutions\/wp-content\/uploads\/2022\/03\/Blackmaster_chocolate.webp\">\t\t\t\t\t\n\t\t\t\t<\/div>\n\t\t\t<\/div>\n\t\t<\/div>\n\t\t\n\t<\/div>\n<\/section>\n\n<section class=\"sectionBrandDetails\">\n\t<div class=\"container\">\n\t\t<div class=\"row flex-column-reverse flex-sm-row\">\n\t\t\t<div class=\"col-sm-5 text-center text-sm-left align-self-center revealR\">\t\t\t\t\t\n\t\t\t\t<img class=\"img-fluid brandLogoMargin\" src=\"https:\/\/soexdemo.aiolos.solutions\/wp-content\/uploads\/2022\/03\/blkmaster-lm.webp\">\n\t\t\t\t<p class=\"brandDetailPara2 text-center mt-2\">100 MM<\/p>\n\t\t\t\t<img class=\"img-fluid\" src=\"https:\/\/soexdemo.aiolos.solutions\/wp-content\/uploads\/2022\/03\/Blackmaste1-1.webp\">\n\t\t\t\t<p class=\"brandDetailPara2 mt-5\">SAVEUR : MENTHE CITRON<\/p>\n\t\t\t<\/div>\n\t\t\t<div class=\"col-sm-7\">\n\t\t\t\t<div class=\"revealL\" style=\"width:100%;position:relative;\">\n\t\t\t\t\t<img class=\"img-fluid\" src=\"https:\/\/soexdemo.aiolos.solutions\/wp-content\/uploads\/2022\/03\/Blackmaster_lemonmint.webp\">\t\t\t\t\t\n\t\t\t\t<\/div>\n\t\t\t<\/div>\n\t\t<\/div>\n\t\t\n\t<\/div>\n<\/section>\n\n<section class=\"sectionBrandDetails\">\n\t<div class=\"container\">\n\t\t<div class=\"row flex-column-reverse flex-sm-row\">\n\t\t\t<div class=\"col-sm-5 text-center text-sm-left align-self-center revealR\">\t\t\t\t\t\n\t\t\t\t<img class=\"img-fluid brandLogoMargin\" src=\"https:\/\/soexdemo.aiolos.solutions\/wp-content\/uploads\/2022\/03\/blkmaster-bb.webp\">\n\t\t\t\t<p class=\"brandDetailPara2 text-center mt-2\">100 MM<\/p>\n\t\t\t\t<img class=\"img-fluid\" src=\"https:\/\/soexdemo.aiolos.solutions\/wp-content\/uploads\/2022\/03\/Blackmaste1-1.webp\">\n\t\t\t\t<p class=\"brandDetailPara2 mt-5\">SAVEUR : MYRTILLE<\/p>\n\t\t\t<\/div>\n\t\t\t<div class=\"col-sm-7\">\n\t\t\t\t<div class=\"revealL\" style=\"width:100%;position:relative;\">\n\t\t\t\t\t<img class=\"img-fluid\" src=\"https:\/\/soexdemo.aiolos.solutions\/wp-content\/uploads\/2022\/03\/Blackmaster_blueberry.webp\">\t\t\t\t\t\n\t\t\t\t<\/div>\n\t\t\t<\/div>\n\t\t<\/div>\n\t\t\n\t<\/div>\n<\/section>\n\n<section class=\"sectionBrandDetails\">\n\t<div class=\"container\">\n\t\t<div class=\"row flex-column-reverse flex-sm-row\">\n\t\t\t<div class=\"col-sm-5 text-center text-sm-left align-self-center revealR\">\t\t\t\t\n\t\t\t\t<img class=\"img-fluid brandLogoMargin\" src=\"https:\/\/soexdemo.aiolos.solutions\/wp-content\/uploads\/2022\/03\/blkmaster-men.webp\">\n\t\t\t\t<p class=\"brandDetailPara2 text-center mt-2\">100 MM<\/p>\n\t\t\t\t<img class=\"img-fluid\" src=\"https:\/\/soexdemo.aiolos.solutions\/wp-content\/uploads\/2022\/03\/Blackmaste1-1.webp\">\n\t\t\t\t<p class=\"brandDetailPara2 mt-5\">SAVEUR : MENTHOL<\/p>\n\t\t\t<\/div>\n\t\t\t<div class=\"col-sm-7\">\n\t\t\t\t<div class=\"revealL\" style=\"width:100%;position:relative;\">\n\t\t\t\t\t<img class=\"img-fluid\" src=\"https:\/\/soexdemo.aiolos.solutions\/wp-content\/uploads\/2022\/03\/Blackmaster_menthol.webp\">\t\t\t\t\t\n\t\t\t\t<\/div>\n\t\t\t<\/div>\n\t\t<\/div>\n\t\t\n\t<\/div>\n<\/section>\n\n<section class=\"sectionBrandDetails\" style=\"border:none;\">\n\t<div class=\"container mb-5\">\n\t\t<div class=\"row flex-column-reverse flex-sm-row\">\n\t\t\t<div class=\"col-sm-5 text-center text-sm-left align-self-center revealR\">\t\t\t\t\t\n\t\t\t\t<img class=\"img-fluid brandLogoMargin\" src=\"https:\/\/soexdemo.aiolos.solutions\/wp-content\/uploads\/2022\/03\/blkmaster-ff.webp\">\n\t\t\t\t<p class=\"brandDetailPara2 text-center mt-2\">100 MM<\/p>\n\t\t\t\t<img class=\"img-fluid\" src=\"https:\/\/soexdemo.aiolos.solutions\/wp-content\/uploads\/2022\/03\/Blackmaste1-1.webp\">\n\t\t\t\t<p class=\"brandDetailPara2 mt-5\">SAVEUR : PLEINE SAVEUR<\/p>\n\t\t\t<\/div>\n\t\t\t<div class=\"col-sm-7\">\n\t\t\t\t<div class=\"revealL\" style=\"width:100%;position:relative;\">\n\t\t\t\t\t<img class=\"img-fluid\" src=\"https:\/\/soexdemo.aiolos.solutions\/wp-content\/uploads\/2022\/03\/Blackmaster_fullflavor.webp\">\t\t\t\t\t\n\t\t\t\t<\/div>\n\t\t\t<\/div>\n\t\t<\/div>\n\t\t\n\t<\/div>\n<\/section>\n<section class=\"customSection brandBrochureWrap p-0 mb-5\">\n\t<div class=\"container\">\n\t\t<div class=\"row\">\n\t\t\t<div class=\"col-sm-12 col-12 text-center\">\n\t\t\t\t<h1 class=\"brandBrochureHead\" style=\"color: #B5A268;\">\n                        <em>\u201cLE MONDE EST NOTRE MARCH\u00c9\u201d<\/em>\n                    <\/h1>\n\t\t\t\t<a class=\"anchorLink\" data-toggle=\"modal\" data-target=\"#downloadBrochureModal\" href=\"https:\/\/soexdemo.aiolos.solutions\/wp-content\/uploads\/2022\/03\/TheCatalogueCompressLatest.pdf\" download=\"\">T\u00e9l\u00e9charger la brochure<\/a>\n\t\t\t<\/div>\n\t\t<\/div>\n\t<\/div>\n<\/section>\n<section class=\"sectionform mt-5\">\n\t<div class=\"container\">\n\t\t<div class=\"row\">\n\t\t\t<div class=\"col-sm-6 pr-5 col-12\">\n\t\t\t\t<h1 class=\"headingMain\">MONTEZ<\/h1>\n\t\t\t\t<h2 class=\"headingSub\">TOUCHER  <\/h2>\n\t\t\t<\/div>\n\t\t<\/div>\n\t<\/div>\n\t<div class=\"container\">\n\t\t<div class=\"row\">\n\t\t\t<div class=\"col-sm-12\">\n\t\t\t\t<div role=\"form\" class=\"wpcf7\" id=\"wpcf7-f4288-o1\" lang=\"en-US\" dir=\"ltr\">\n<div class=\"screen-reader-response\"><p role=\"status\" aria-live=\"polite\" aria-atomic=\"true\"><\/p> <ul><\/ul><\/div>\n<form action=\"\/fr\/wp-json\/wp\/v2\/pages\/1660#wpcf7-f4288-o1\" method=\"post\" class=\"wpcf7-form init\" novalidate=\"novalidate\" data-status=\"init\">\n<div style=\"display: none;\">\n<input type=\"hidden\" name=\"_wpcf7\" value=\"4288\" \/>\n<input type=\"hidden\" name=\"_wpcf7_version\" value=\"5.5.6\" \/>\n<input type=\"hidden\" name=\"_wpcf7_locale\" value=\"en_US\" \/>\n<input type=\"hidden\" name=\"_wpcf7_unit_tag\" value=\"wpcf7-f4288-o1\" \/>\n<input type=\"hidden\" name=\"_wpcf7_container_post\" value=\"0\" \/>\n<input type=\"hidden\" name=\"_wpcf7_posted_data_hash\" value=\"\" \/>\n<\/div>\n<div class=\"row\">\n<div class=\"col-sm-6\">\n<div class=\"\">\n\t\t\t<span class=\"wpcf7-form-control-wrap your-name\"><input type=\"text\" name=\"your-name\" value=\"\" size=\"40\" class=\"wpcf7-form-control wpcf7-text wpcf7-validates-as-required inputItem contactFormInput\" id=\"userName\" aria-required=\"true\" aria-invalid=\"false\" placeholder=\"Entrez votre nom\" \/><\/span>\n\t\t<\/div>\n<div class=\" mt-3\">\n\t\t\t<span class=\"wpcf7-form-control-wrap your-company-name\"><input type=\"text\" name=\"your-company-name\" value=\"\" size=\"40\" class=\"wpcf7-form-control wpcf7-text wpcf7-validates-as-required inputItem contactFormInput\" id=\"userCompanyName\" aria-required=\"true\" aria-invalid=\"false\" placeholder=\"Entrez le nom de votre entreprise\" \/><\/span>\n\t\t<\/div>\n<div class=\"mt-3 mb-sm-0 mb-3\">\n<span class=\"wpcf7-form-control-wrap phonetext-10\"><input type=\"text\" name=\"phonetext-10\" value=\"+91\" size=\"40\" maxlength=\"15\" minlength=\"10\" class=\"wpcf7-form-control wpcf7-text wpcf7-phonetext wpcf7-validates-as-required inputItem contactFormInput\" id=\"userMobile\" aria-required=\"true\" aria-invalid=\"false\" \/><input type=\"hidden\" name=\"phonetext-10-country-code\" class=\"wpcf7-phonetext-country-code\" \/><\/span>\n\t\t<\/div>\n<\/div>\n<div class=\"col-sm-6\">\n<div class=\"\">\n                 <span class=\"wpcf7-form-control-wrap title\"><input type=\"text\" name=\"title\" value=\"\" size=\"40\" class=\"wpcf7-form-control wpcf7-text wpcf7-validates-as-required inputItem contactFormInput\" id=\"userDesignation\" aria-required=\"true\" aria-invalid=\"false\" placeholder=\"Entrez votre d\u00e9signation\" \/><\/span><\/div>\n<div class=\"mt-3\">\n<span class=\"wpcf7-form-control-wrap your-email\"><input type=\"email\" name=\"your-email\" value=\"\" size=\"40\" class=\"wpcf7-form-control wpcf7-text wpcf7-email wpcf7-validates-as-required wpcf7-validates-as-email inputItem contactFormInput\" id=\"userEmail\" aria-required=\"true\" aria-invalid=\"false\" placeholder=\"Entrez votre identifiant de messagerie\" \/><\/span><\/div>\n<div class=\"mt-3 mb-sm-0 mb-3\">\n\t\t<span class=\"wpcf7-form-control-wrap your-message\"><textarea name=\"your-message\" cols=\"40\" rows=\"3\" class=\"wpcf7-form-control wpcf7-textarea wpcf7-validates-as-required inputItem contactFormInput\" id=\"userMessage\" aria-required=\"true\" aria-invalid=\"false\" placeholder=\"Entrez votre message ici...\"><\/textarea><\/span>\n               <\/div>\n<\/div>\n<\/div>\n<div class=\"row\">\n<div class=\"col-sm-6 col-12\">\n<div class=\"mb-3 pl-0 pt-3\">\n               <div id=\"cf7sr-69e4c7d34ed7e\" class=\"cf7sr-g-recaptcha\" data-sitekey=\"6LfMzTkgAAAAADpIdWljd8-QUnQFAEdCdrEwugC1\"><\/div><span class=\"wpcf7-form-control-wrap cf7sr-recaptcha\"><input type=\"hidden\" name=\"cf7sr-recaptcha\" value=\"\" class=\"wpcf7-form-control\"><\/span>\n\t\t<\/div>\n<\/div>\n<\/div>\n<div class=\"row\">\n<div class=\"col-sm-12 mt-5 text-center\">\n\t\t<input type=\"submit\" value=\"Soumettre\" class=\"wpcf7-form-control has-spinner wpcf7-submit contactBtn2\" \/><\/p>\n<\/div>\n<\/div>\n<div class=\"wpcf7-response-output\" aria-hidden=\"true\"><\/div><\/form><\/div>\n\t\t\t<\/div>\n\t\t<\/div>\t\t\n\t<\/div>\t\n<\/section>\n","protected":false},"excerpt":{"rendered":"<p>&nbsp; Cigarillo PREMIUM D\u00e9couvrez la royaut\u00e9 d&#8217;un cigare et la douceur d&#8217;une cigarette fabriqu\u00e9es ensemble dans un authentique cigarillo. Des petits cigarillos haut de gamme d\u00e9licieusement roul\u00e9s envelopp\u00e9s dans du papier tabac de qualit\u00e9 pour le ma\u00eetre du noir. Petits cigares de luxe pour sommeliers de cigares. 100 MM SAVEUR : DOUBLE POMME 100 MM [&hellip;]<\/p>\n","protected":false},"author":1,"featured_media":0,"parent":739,"menu_order":0,"comment_status":"closed","ping_status":"closed","template":"page-templates\/full-width.php","meta":{"inline_featured_image":false},"translation":{"provider":"WPGlobus","version":"2.8.11","language":"fr","enabled_languages":["en","es","fr","ru","ar"],"languages":{"en":{"title":true,"content":true,"excerpt":false},"es":{"title":true,"content":true,"excerpt":false},"fr":{"title":true,"content":true,"excerpt":false},"ru":{"title":true,"content":true,"excerpt":false},"ar":{"title":true,"content":true,"excerpt":false}}},"_links":{"self":[{"href":"https:\/\/soexdemo.aiolos.solutions\/fr\/wp-json\/wp\/v2\/pages\/1660"}],"collection":[{"href":"https:\/\/soexdemo.aiolos.solutions\/fr\/wp-json\/wp\/v2\/pages"}],"about":[{"href":"https:\/\/soexdemo.aiolos.solutions\/fr\/wp-json\/wp\/v2\/types\/page"}],"author":[{"embeddable":true,"href":"https:\/\/soexdemo.aiolos.solutions\/fr\/wp-json\/wp\/v2\/users\/1"}],"replies":[{"embeddable":true,"href":"https:\/\/soexdemo.aiolos.solutions\/fr\/wp-json\/wp\/v2\/comments?post=1660"}],"version-history":[{"count":60,"href":"https:\/\/soexdemo.aiolos.solutions\/fr\/wp-json\/wp\/v2\/pages\/1660\/revisions"}],"predecessor-version":[{"id":4765,"href":"https:\/\/soexdemo.aiolos.solutions\/fr\/wp-json\/wp\/v2\/pages\/1660\/revisions\/4765"}],"up":[{"embeddable":true,"href":"https:\/\/soexdemo.aiolos.solutions\/fr\/wp-json\/wp\/v2\/pages\/739"}],"wp:attachment":[{"href":"https:\/\/soexdemo.aiolos.solutions\/fr\/wp-json\/wp\/v2\/media?parent=1660"}],"curies":[{"name":"wp","href":"https:\/\/api.w.org\/{rel}","templated":true}]}}