{"id":805,"date":"2022-02-25T02:11:39","date_gmt":"2022-02-25T02:11:39","guid":{"rendered":"http:\/\/soex\/?page_id=805"},"modified":"2022-06-17T10:30:17","modified_gmt":"2022-06-17T10:30:17","slug":"history-of-cigarette","status":"publish","type":"page","link":"https:\/\/soexdemo.aiolos.solutions\/fr\/history-of-cigarette\/","title":{"rendered":"Histoire de la Cigarette"},"content":{"rendered":"\n<section class=\"customSection p-0 m-0\">\n\t\t<img loading=\"lazy\" class=\"img-fluid histCigrbgMobile\" width=\"100%\" height=\"100%\" src=\"https:\/\/soexdemo.aiolos.solutions\/wp-content\/uploads\/2022\/03\/concrete-floor-smoke-wall-copy-11.webp\">\n\t\t<h1 class=\"themeHeading\">Notre diff\u00e9renciateur<\/h1>\n\t\t\n\t<\/section>\n\t<section class=\"customSection pt-0\">\n\t\t<div class=\"container\">\n\t\t\t<div class=\"row\">\n\t\t\t\t<div class=\"offset-lg-2 col-lg-8 col-12\">\n\t\t\t\t\t<div class=\"videoContainer\">\n\t\t\t\t\t\t         <style>\n             #player69e4c7d377d71.h5vp_player { width: 100%; border-radius: 27px; overflow: hidden; }        <\/style>\n        <div id=\"h5vp_player\">\n            <div id=\"player69e4c7d377d71\" class=\"h5vp_player h5vp_player_initializer\" data-settings=\"{&quot;options&quot;:{&quot;controls&quot;:[&quot;play-large&quot;,&quot;rewind&quot;,&quot;play&quot;,&quot;fast-forward&quot;,&quot;progress&quot;,&quot;current-time&quot;,&quot;mute&quot;,&quot;volume&quot;,&quot;settings&quot;,&quot;fullscreen&quot;],&quot;loop&quot;:{&quot;active&quot;:false},&quot;muted&quot;:false,&quot;hideControls&quot;:true,&quot;autoplay&quot;:false,&quot;tooltips&quot;:{&quot;controls&quot;:true,&quot;seek&quot;:true},&quot;resetOnEnd&quot;:true,&quot;captions&quot;:{&quot;active&quot;:true,&quot;update&quot;:true}},&quot;infos&quot;:{&quot;source&quot;:&quot;https:\\\/\\\/soexdemo.aiolos.solutions\\\/wp-content\\\/uploads\\\/2022\\\/02\\\/HISTORY_OF_CIGRATTERSS_SHOT_VERSION_15-11-18.mp4&quot;,&quot;poster&quot;:&quot;https:\\\/\\\/soexdemo.aiolos.solutions\\\/wp-content\\\/uploads\\\/2022\\\/04\\\/Group-346.webp&quot;,&quot;skin&quot;:&quot;default&quot;,&quot;id&quot;:0}}\">\n                <video playsinline poster=\"https:\/\/soexdemo.aiolos.solutions\/wp-content\/uploads\/2022\/04\/Group-346.webp\"  >\n                    <source src=\"https:\/\/soexdemo.aiolos.solutions\/wp-content\/uploads\/2022\/02\/HISTORY_OF_CIGRATTERSS_SHOT_VERSION_15-11-18.mp4\" type=\"video\/mp4\">\n                    Your browser does not support the video tag.\n                <\/video>\n            <\/div>\n        <\/div>\n        \n\t\t\t\t\t<\/div>\n\t\t\t\t<\/div>\n\t\t\t<\/div>\n\t\t\t<div class=\"row aboutTabletMargin\">\n\t\t\t\t<div class=\"offset-lg-2 col-lg-8 col-12 revealR\">\n\t\t\t\t\t<p class=\"homePara text-left text-sm-center mt-5\">\n\t\t\t\t\t\t<strong>\n\t\t\t\t\t\t\tLes cigarettes sont aussi vieilles que la civilisation elle-m\u00eame. Les tubes de canne \u00e0 tabac des Azt\u00e8ques, les cigarrillos du XVIe si\u00e8cle des Espagnols et les fum\u00e9es du XVIIIe si\u00e8cle des commer\u00e7ants portugais et italiens qui les ont emmen\u00e9s au Levant et en Russie, tous font partie de l&#8217;h\u00e9ritage de la cigarette moderne. Les troupes fran\u00e7aises dans les guerres napol\u00e9oniennes appelaient ces fum\u00e9es des cigarettes &#8211; telles que nous les connaissons aujourd&#8217;hui.\n\t\t\t\t\t\t<\/strong>\n\t\t\t\t\t<\/p>\n\t\t\t\t\t<p class=\"homePara text-left text-sm-center\">\n\t\t\t\t\t\tL&#8217;illustre voyage de Sopariwala Exports a commenc\u00e9 dans l&#8217;Inde d&#8217;avant l&#8217;ind\u00e9pendance vers 1927 dans le Jacob Circle du sud de Mumbai. Ce qui a commenc\u00e9 comme un petit \u00e9tablissement est maintenant une entreprise multinationale respect\u00e9e dans le monde entier qui a remport\u00e9 de nombreux prix et reconnaissances d&#8217;\u00c9tat et centraux. Sopariwala Exports est un <strong style=\"color: #B5A269;\">\u00abMaison d&#8217;exportation reconnue par le gouvernement indien\u00bb<\/strong>\n\t\t\t\t\t<\/p>\n\t\t\t\t<\/div>\n\t\t\t<\/div>\n\t\t<\/div>\n\t<\/section>\n\n\t<section class=\"hocSection\">\n\t\t<div class=\"container-fluid\">\n\t\t\t<div class=\"row\">\n\t\t\t\t<div class=\"col-lg-12 col-12 hocLeftBg_1\">\n\t\t\t\t\t<div class=\"container\">\n\t\t\t\t\t\t<div class=\"row\">\n\t\t\t\t\t\t\t<div class=\"customLeftImgMargin\">&nbsp;<\/div>\n\t\t\t\t\t\t<\/div>\n\t\t\t\t\t\t<div class=\"row\">\n\t\t\t\t\t\t\t<div class=\"offset-lg-7 col-lg-5 col-12 p-1 p-lg-auto\">\n\t\t\t\t\t\t\t\t<div class=\"revealL\" style=\"position:relative;width:100%\">\n\t\t\t\t\t\t\t\t<div class=\"backRight backRightAniLeft\">&nbsp;<\/div>\n\t\t\t\t\t\t\t\t<h1 class=\"hocHeading\">\n\t\t\t\t\t\t\t\t\tNOTRE INFRASTRUCTURE\n\t\t\t\t\t\t\t\t<\/h1>\n\t\t\t\t\t\t\t\t<img class=\"img-fluid mobileViewOnly mb-5\" src=\"https:\/\/soexdemo.aiolos.solutions\/wp-content\/uploads\/2022\/06\/our-infrastructure-mobile.webp\">\n\t\t\t\t\t\t\t\t\n\t\t\t\t\t\t\t\t<p class=\"homePara text-left\">\n\t\t\t\t\t\t\t\t\tLes produits de qualit\u00e9 sup\u00e9rieure de Sopariwala Exports sont fabriqu\u00e9s dans une infrastructure de classe mondiale en Inde. Notre <b>QUATRE<\/b> des usines ultramodernes au Gujarat, en Inde, sont r\u00e9parties <b>plus d&#8217;un million de pieds carr\u00e9s<\/b> avec une capacit\u00e9 annuelle de traitement de <b>plus de 25 000 tonnes<\/b> de tabac.<br>\n\t\t\t\t\t\t\t\t\tNous avons introduit la premi\u00e8re \u00ab\u00a0usine de re-s\u00e9chage compl\u00e8te\u00a0\u00bb de l&#8217;industrie, une ligne de traitement et d&#8217;emballage enti\u00e8rement automatis\u00e9e en Inde. Notre innovation, notre infrastructure et nos employ\u00e9s nous permettent d&#8217;exp\u00e9dier des commandes de toute envergure dans un d\u00e9lai moyen de 15 jours.\n\t\t\t\t\t\t\t\t<\/p>\n\t\t\t\t\t\t\t\t<\/div>\n\t\t\t\t\t\t\t<\/div>\n\t\t\t\t\t\t<\/div>\n\t\t\t\t\t<\/div>\n\t\t\t\t<\/div>\n\t\t\t<\/div>\t\n\t\t<\/div>\n\t<\/section>\n\n\t<section class=\"hocSection\">\n\t\t<div class=\"container-fluid\">\n\t\t\t<div class=\"row\">\n\t\t\t\t<div class=\"col-lg-12 col-12 hocRightBg_1\">\n\t\t\t\t\t<div class=\"container revealR\">\n\t\t\t\t\t\t<div class=\"row\">\n\t\t\t\t\t\t\t<div class=\"customLeftImgMargin\">&nbsp;<\/div>\n\t\t\t\t\t\t<\/div>\n\t\t\t\t\t\t<div class=\"row\">\n\t\t\t\t\t\t\t<div class=\"col-lg-5 p-1 p-lg-auto\">\n\t\t\t\t\t\t\t\t<div class=\"backRight backRightAniRight\">&nbsp;<\/div>\n\t\t\t\t\t\t\t\t<h1 class=\"hocHeading\">\n\t\t\t\t\t\t\t\t\tNOS FERMES, AGRICULTEURS ET EMPLOY\u00c9S\n\t\t\t\t\t\t\t\t<\/h1>\n\t\t\t\t\t\t\t\t<img class=\"img-fluid mobileViewOnly mb-5\" src=\"https:\/\/soexdemo.aiolos.solutions\/wp-content\/uploads\/2022\/06\/our-farms-mobile.webp\">\n\t\t\t\t\t\t\t\t<p class=\"homePara text-left\">\n\t\t\t\t\t\t\t\t\tNos fermes dans le Gujarat, en Inde, s&#8217;\u00e9tendent sur 500 hectares et nous cultivons une riche gamme de tabac manufactur\u00e9 et non manufactur\u00e9 &#8211; Black Chopadia, Indian Calcutti, Lal Chopadia, Rustica, Isfahan, entre autres. <br>\nNotre famille tr\u00e8s unie de plus de 5 000 agriculteurs et plus de 2 000 employ\u00e9s est le fondement de notre entreprise mondiale. Nous indemnisons les agriculteurs d\u00e8s la livraison de leurs produits, les formons sur les derniers savoir-faire techniques et les aidons m\u00eame avec des pr\u00eats non garantis. Notre approche fait de nous, Sopariwala Exports, le premier choix des agriculteurs pour vendre leur stock.\n\t\t\t\t\t\t\t\t<\/p>\n\t\t\t\t\t\t\t<\/div>\n\t\t\t\t\t\t<\/div>\n\t\t\t\t\t<\/div>\n\t\t\t\t<\/div>\n\t\t\t<\/div>\t\n\t\t<\/div>\n\t<\/section>\n\n\t<!-- <section class=\"hocSection\">\n\t\t<div class=\"container-fluid\">\n\t\t\t<div class=\"row\">\n\t\t\t\t<div class=\"col-sm-12 col-12 hocLeftBg_2\">\n\t\t\t\t\t<div class=\"container revealL\">\n\t\t\t\t\t\t<div class=\"row\">\n\t\t\t\t\t\t\t<div class=\"customLeftImgMargin\">&nbsp;<\/div>\n\t\t\t\t\t\t<\/div>\n\t\t\t\t\t\t<div class=\"row\">\n\t\t\t\t\t\t\t<div class=\"offset-sm-7 col-sm-5\">\n\t\t\t\t\t\t\t\t<h1 class=\"hocHeading\">\n\t\t\t\t\t\t\t\t\tSample data, content creation work is in progress. \n\t\t\t\t\t\t\t\t<\/h1>\n\t\t\t\t\t\t\t\t<p class=\"homePara text-left\">\n\t\t\t\t\t\t\t\t\tSample data, content creation work is in progress. Sample data, content creation work is in progress. Sample data, content creation work is in progress. Sample data, content creation work is in progress. Sample data, content creation work is in progress. Sample data, content creation work is in progress. \n\t\t\t\t\t\t\t\t<\/p>\n\t\t\t\t\t\t\t<\/div>\n\t\t\t\t\t\t<\/div>\n\t\t\t\t\t<\/div>\n\t\t\t\t<\/div>\n\t\t\t<\/div>\t\n\t\t<\/div>\n\t<\/section> -->\n\t<section class=\"customSection brandBrochureWrap p-0 mb-5\">\n\t\t<div class=\"container\">\n\t\t\t<div class=\"row\">\n\t\t\t\t<div class=\"col-sm-12 col-12 text-center\">\n\t\t\t\t\t<h1 class=\"brandBrochureHead\" style=\"color: #B5A268;\">\n\t\t\t\t\t\t\t<em>\u00ab LE MONDE EST NOTRE MARCH\u00c9 \u00bb<\/em>\n\t\t\t\t\t\t<\/h1>\n\t\t\t\t\t<a class=\"anchorLink\" data-toggle=\"modal\" data-target=\"#downloadBrochureModal\" href=\"https:\/\/soexdemo.aiolos.solutions\/wp-content\/uploads\/2022\/03\/TheCatalogueCompressLatest.pdf\" download=\"\">T\u00e9l\u00e9charger la brochure \u00e9lectronique<\/a>\n\t\t\t\t<\/div>\n\t\t\t<\/div>\n\t\t<\/div>\n\t<\/section>\n\t<section class=\"sectionform\">\n\t\t<div class=\"container\">\n\t\t\t<div class=\"row\">\n\t\t\t\t<div class=\"col-sm-6 pr-5 col-12\">\n\t\t\t\t\t<h1 class=\"headingMain\">MONTEZ<\/h1>\n\t\t\t\t\t<h2 class=\"headingSub\">TOUCHER <\/h2>\n\t\t\t\t<\/div>\n\t\t\t<\/div>\n\t\t<\/div>\n\t\t<div class=\"container\">\n\t\t\t<div class=\"row\">\n\t\t\t\t<div class=\"col-sm-12\">\n\t<!-- [wpforms id=\"1040\"] -->\n\t\t\t\t\t<div role=\"form\" class=\"wpcf7\" id=\"wpcf7-f4288-o1\" lang=\"en-US\" dir=\"ltr\">\n<div class=\"screen-reader-response\"><p role=\"status\" aria-live=\"polite\" aria-atomic=\"true\"><\/p> <ul><\/ul><\/div>\n<form action=\"\/fr\/wp-json\/wp\/v2\/pages\/805#wpcf7-f4288-o1\" method=\"post\" class=\"wpcf7-form init\" novalidate=\"novalidate\" data-status=\"init\">\n<div style=\"display: none;\">\n<input type=\"hidden\" name=\"_wpcf7\" value=\"4288\" \/>\n<input type=\"hidden\" name=\"_wpcf7_version\" value=\"5.5.6\" \/>\n<input type=\"hidden\" name=\"_wpcf7_locale\" value=\"en_US\" \/>\n<input type=\"hidden\" name=\"_wpcf7_unit_tag\" value=\"wpcf7-f4288-o1\" \/>\n<input type=\"hidden\" name=\"_wpcf7_container_post\" value=\"0\" \/>\n<input type=\"hidden\" name=\"_wpcf7_posted_data_hash\" value=\"\" \/>\n<\/div>\n<div class=\"row\">\n<div class=\"col-sm-6\">\n<div class=\"\">\n\t\t\t<span class=\"wpcf7-form-control-wrap your-name\"><input type=\"text\" name=\"your-name\" value=\"\" size=\"40\" class=\"wpcf7-form-control wpcf7-text wpcf7-validates-as-required inputItem contactFormInput\" id=\"userName\" aria-required=\"true\" aria-invalid=\"false\" placeholder=\"Entrez votre nom\" \/><\/span>\n\t\t<\/div>\n<div class=\" mt-3\">\n\t\t\t<span class=\"wpcf7-form-control-wrap your-company-name\"><input type=\"text\" name=\"your-company-name\" value=\"\" size=\"40\" class=\"wpcf7-form-control wpcf7-text wpcf7-validates-as-required inputItem contactFormInput\" id=\"userCompanyName\" aria-required=\"true\" aria-invalid=\"false\" placeholder=\"Entrez le nom de votre entreprise\" \/><\/span>\n\t\t<\/div>\n<div class=\"mt-3 mb-sm-0 mb-3\">\n<span class=\"wpcf7-form-control-wrap phonetext-10\"><input type=\"text\" name=\"phonetext-10\" value=\"+91\" size=\"40\" maxlength=\"15\" minlength=\"10\" class=\"wpcf7-form-control wpcf7-text wpcf7-phonetext wpcf7-validates-as-required inputItem contactFormInput\" id=\"userMobile\" aria-required=\"true\" aria-invalid=\"false\" \/><input type=\"hidden\" name=\"phonetext-10-country-code\" class=\"wpcf7-phonetext-country-code\" \/><\/span>\n\t\t<\/div>\n<\/div>\n<div class=\"col-sm-6\">\n<div class=\"\">\n                 <span class=\"wpcf7-form-control-wrap title\"><input type=\"text\" name=\"title\" value=\"\" size=\"40\" class=\"wpcf7-form-control wpcf7-text wpcf7-validates-as-required inputItem contactFormInput\" id=\"userDesignation\" aria-required=\"true\" aria-invalid=\"false\" placeholder=\"Entrez votre d\u00e9signation\" \/><\/span><\/div>\n<div class=\"mt-3\">\n<span class=\"wpcf7-form-control-wrap your-email\"><input type=\"email\" name=\"your-email\" value=\"\" size=\"40\" class=\"wpcf7-form-control wpcf7-text wpcf7-email wpcf7-validates-as-required wpcf7-validates-as-email inputItem contactFormInput\" id=\"userEmail\" aria-required=\"true\" aria-invalid=\"false\" placeholder=\"Entrez votre identifiant de messagerie\" \/><\/span><\/div>\n<div class=\"mt-3 mb-sm-0 mb-3\">\n\t\t<span class=\"wpcf7-form-control-wrap your-message\"><textarea name=\"your-message\" cols=\"40\" rows=\"3\" class=\"wpcf7-form-control wpcf7-textarea wpcf7-validates-as-required inputItem contactFormInput\" id=\"userMessage\" aria-required=\"true\" aria-invalid=\"false\" placeholder=\"Entrez votre message ici...\"><\/textarea><\/span>\n               <\/div>\n<\/div>\n<\/div>\n<div class=\"row\">\n<div class=\"col-sm-6 col-12\">\n<div class=\"mb-3 pl-0 pt-3\">\n               <div id=\"cf7sr-69e4c7d378460\" class=\"cf7sr-g-recaptcha\" data-sitekey=\"6LfMzTkgAAAAADpIdWljd8-QUnQFAEdCdrEwugC1\"><\/div><span class=\"wpcf7-form-control-wrap cf7sr-recaptcha\"><input type=\"hidden\" name=\"cf7sr-recaptcha\" value=\"\" class=\"wpcf7-form-control\"><\/span>\n\t\t<\/div>\n<\/div>\n<\/div>\n<div class=\"row\">\n<div class=\"col-sm-12 mt-5 text-center\">\n\t\t<input type=\"submit\" value=\"Soumettre\" class=\"wpcf7-form-control has-spinner wpcf7-submit contactBtn2\" \/><\/p>\n<\/div>\n<\/div>\n<div class=\"wpcf7-response-output\" aria-hidden=\"true\"><\/div><\/form><\/div>\n\t\t\t\t<\/div>\n\t\t\t<\/div>\t\t\n\t\t<\/div>\t\n\t<\/section>\n","protected":false},"excerpt":{"rendered":"<p>Notre diff\u00e9renciateur Les cigarettes sont aussi vieilles que la civilisation elle-m\u00eame. Les tubes de canne \u00e0 tabac des Azt\u00e8ques, les cigarrillos du XVIe si\u00e8cle des Espagnols et les fum\u00e9es du XVIIIe si\u00e8cle des commer\u00e7ants portugais et italiens qui les ont emmen\u00e9s au Levant et en Russie, tous font partie de l&#8217;h\u00e9ritage de la cigarette moderne. [&hellip;]<\/p>\n","protected":false},"author":1,"featured_media":0,"parent":0,"menu_order":0,"comment_status":"closed","ping_status":"closed","template":"page-templates\/full-width.php","meta":{"inline_featured_image":false},"translation":{"provider":"WPGlobus","version":"2.8.11","language":"fr","enabled_languages":["en","es","fr","ru","ar"],"languages":{"en":{"title":true,"content":true,"excerpt":false},"es":{"title":false,"content":true,"excerpt":false},"fr":{"title":true,"content":true,"excerpt":false},"ru":{"title":true,"content":true,"excerpt":false},"ar":{"title":true,"content":true,"excerpt":false}}},"_links":{"self":[{"href":"https:\/\/soexdemo.aiolos.solutions\/fr\/wp-json\/wp\/v2\/pages\/805"}],"collection":[{"href":"https:\/\/soexdemo.aiolos.solutions\/fr\/wp-json\/wp\/v2\/pages"}],"about":[{"href":"https:\/\/soexdemo.aiolos.solutions\/fr\/wp-json\/wp\/v2\/types\/page"}],"author":[{"embeddable":true,"href":"https:\/\/soexdemo.aiolos.solutions\/fr\/wp-json\/wp\/v2\/users\/1"}],"replies":[{"embeddable":true,"href":"https:\/\/soexdemo.aiolos.solutions\/fr\/wp-json\/wp\/v2\/comments?post=805"}],"version-history":[{"count":129,"href":"https:\/\/soexdemo.aiolos.solutions\/fr\/wp-json\/wp\/v2\/pages\/805\/revisions"}],"predecessor-version":[{"id":4756,"href":"https:\/\/soexdemo.aiolos.solutions\/fr\/wp-json\/wp\/v2\/pages\/805\/revisions\/4756"}],"wp:attachment":[{"href":"https:\/\/soexdemo.aiolos.solutions\/fr\/wp-json\/wp\/v2\/media?parent=805"}],"curies":[{"name":"wp","href":"https:\/\/api.w.org\/{rel}","templated":true}]}}